{"id":685,"date":"2025-12-19T09:47:11","date_gmt":"2025-12-19T08:47:11","guid":{"rendered":"https:\/\/santacruz-energy.com\/?page_id=685"},"modified":"2026-03-10T12:05:39","modified_gmt":"2026-03-10T11:05:39","slug":"formacion-y-transferencia-de-conocimiento","status":"publish","type":"page","link":"https:\/\/santacruz-energy.com\/en\/formacion-y-transferencia-de-conocimiento\/","title":{"rendered":"Training and Knowledge Transfer"},"content":{"rendered":"<p>[et_pb_section fb_built=\u00bb1&#8243; make_equal=\u00bbon\u00bb use_custom_gutter=\u00bbon\u00bb gutter_width=\u00bb1&#8243; specialty=\u00bbon\u00bb padding_top_1=\u00bb0px\u00bb padding_top_2=\u00bb0px\u00bb padding_bottom_1=\u00bb0px\u00bb padding_bottom_2=\u00bb0px\u00bb padding_top_bottom_link_1=\u00bbtrue\u00bb padding_top_bottom_link_2=\u00bbtrue\u00bb padding_left_right_link_1=\u00bbfalse\u00bb padding_left_right_link_2=\u00bbfalse\u00bb disabled_on=\u00bbon|on|off\u00bb admin_label=\u00bbFormaci\u00f3n y Transferencia de Conocimiento\u00bb module_class=\u00bbbloqueServicios\u00bb _builder_version=\u00bb4.27.4&#8243; _module_preset=\u00bbdefault\u00bb locked=\u00bboff\u00bb collapsed=\u00bbon\u00bb global_colors_info=\u00bb{}\u00bb][et_pb_column type=\u00bb1_2&#8243; specialty_columns=\u00bb2&#8243; _builder_version=\u00bb4.16&#8243; custom_padding=\u00bb|||\u00bb global_colors_info=\u00bb{}\u00bb custom_padding__hover=\u00bb|||\u00bb][et_pb_row_inner _builder_version=\u00bb4.27.4&#8243; _module_preset=\u00bbdefault\u00bb custom_padding=\u00bb0px||0px||true|false\u00bb global_colors_info=\u00bb{}\u00bb][et_pb_column_inner saved_specialty_column_type=\u00bb1_2&#8243; _builder_version=\u00bb4.27.4&#8243; _module_preset=\u00bbdefault\u00bb global_colors_info=\u00bb{}\u00bb][et_pb_text module_class=\u00bblinea blanca\u00bb _builder_version=\u00bb4.27.4&#8243; _module_preset=\u00bbdefault\u00bb background_color=\u00bb#98bb3f\u00bb custom_margin=\u00bb||0px||false|false\u00bb custom_padding=\u00bb80px|50px|25px|50px|false|true\u00bb animation_style=\u00bbslide\u00bb animation_direction=\u00bbtop\u00bb animation_intensity_slide=\u00bb20%\u00bb hover_enabled=\u00bb0&#8243; global_colors_info=\u00bb{}\u00bb sticky_enabled=\u00bb0&#8243;]<\/p>\n<h2>Formaci\u00f3n y Transferencia de Conocimiento<\/h2>\n<p>[\/et_pb_text][et_pb_text _builder_version=\u00bb4.27.4&#8243; _module_preset=\u00bbdefault\u00bb custom_padding=\u00bb50px|50px|50px|50px|true|true\u00bb animation_style=\u00bbslide\u00bb animation_direction=\u00bbbottom\u00bb animation_intensity_slide=\u00bb20%\u00bb custom_css_free_form=\u00bbselector {||  position: relative;||}||selector:after {||\tleft: 100%;||\tbottom: 30px;||\tborder: solid transparent;||\tcontent: %22%22;||\theight: 0;||\twidth: 0;||\tposition: absolute;||\tpointer-events: none;||\tborder-color: rgba(152, 187, 63, 0);||\tborder-left-color: #98bb3f;||\tborder-width: 30px;||\tmargin-top: -30px;||}\u00bb global_colors_info=\u00bb{}\u00bb sticky_enabled=\u00bb0&#8243; background_color=\u00bb#98bb3f\u00bb header_2_font_size=\u00bb19px\u00bb header_2_line_height=\u00bb1.2em\u00bb hover_enabled=\u00bb0&#8243; z_index=\u00bb500&#8243; width=\u00bb100%\u00bb]<\/p>\n<h2><strong>Adem\u00e1s de la consultor\u00eda t\u00e9cnica, SantaCruz Energy se dedica a la formaci\u00f3n de profesionales en \u00e1reas cr\u00edticas de la ingenier\u00eda industrial.<\/strong><\/h2>\n<p>[\/et_pb_text][\/et_pb_column_inner][\/et_pb_row_inner][et_pb_row_inner module_class=\u00bbfilaImagen\u00bb _builder_version=\u00bb4.27.4&#8243; _module_preset=\u00bbdefault\u00bb background_enable_image=\u00bboff\u00bb custom_padding=\u00bb0px||0px||true|false\u00bb animation_style=\u00bbslide\u00bb animation_direction=\u00bbbottom\u00bb animation_intensity_slide=\u00bb20%\u00bb background_last_edited=\u00bboff|desktop\u00bb background_enable_image_tablet=\u00bboff\u00bb global_colors_info=\u00bb{}\u00bb][et_pb_column_inner saved_specialty_column_type=\u00bb1_2&#8243; _builder_version=\u00bb4.27.4&#8243; _module_preset=\u00bbdefault\u00bb background_image=\u00bbhttps:\/\/santacruz-energy.com\/wp-content\/uploads\/2025\/12\/PB234130-scaled.jpg\u00bb parallax=\u00bbon\u00bb global_colors_info=\u00bb{}\u00bb][\/et_pb_column_inner][\/et_pb_row_inner][\/et_pb_column][et_pb_column type=\u00bb1_2&#8243; _builder_version=\u00bb4.16&#8243; custom_padding=\u00bb|||\u00bb global_colors_info=\u00bb{}\u00bb custom_padding__hover=\u00bb|||\u00bb][et_pb_accordion open_toggle_background_color=\u00bb#dee9c1&#8243; icon_color=\u00bb#3c4912&#8243; _builder_version=\u00bb4.27.4&#8243; _module_preset=\u00bbdefault\u00bb toggle_text_color=\u00bb#3c4912&#8243; toggle_level=\u00bbh3&#8243; toggle_line_height=\u00bb1.2em\u00bb custom_margin=\u00bb115px||||false|false\u00bb animation_style=\u00bbslide\u00bb animation_direction=\u00bbright\u00bb animation_intensity_slide=\u00bb20%\u00bb hover_enabled=\u00bb0&#8243; global_colors_info=\u00bb{}\u00bb z_index=\u00bb-153&#8243; sticky_enabled=\u00bb0&#8243;][et_pb_accordion_item title=\u00bbProgramas de formaci\u00f3n: contenidos generales\u00bb open=\u00bbon\u00bb _builder_version=\u00bb4.27.4&#8243; _module_preset=\u00bbdefault\u00bb custom_padding=\u00bb50px|50px|50px|50px|true|true\u00bb global_colors_info=\u00bb{}\u00bb]<\/p>\n<ul>\n<li>Normativa internacional: ASME (dise\u00f1o Secciones I y VIII, materiales base y aportes de soldadura Secci\u00f3n II, ensayos no destructivos Secci\u00f3n V, Soldadura y procedimientos Secci\u00f3n IX).<\/li>\n<li>Reparaci\u00f3n de equipos en servicio: API y ASME PCC2.<\/li>\n<li>Ensayos no destructivos (END): l\u00edquidos penetrantes, ultrasonidos, inspecci\u00f3n visual, part\u00edculas magn\u00e9ticas y radiograf\u00eda.<\/li>\n<li>Metalograf\u00eda aplicada: detecci\u00f3n y an\u00e1lisis de fallos en componentes.<\/li>\n<li>Corrosi\u00f3n y mecanismos de fallo en plantas industriales.<\/li>\n<li>Soldadura y soldabilidad de los materiales utilizados en plantas industriales.<\/li>\n<\/ul>\n<p>[\/et_pb_accordion_item][et_pb_accordion_item title=\u00bbMetodolog\u00eda\u00bb _builder_version=\u00bb4.27.4&#8243; _module_preset=\u00bbdefault\u00bb custom_padding=\u00bb50px|50px|50px|50px|true|true\u00bb global_colors_info=\u00bb{}\u00bb open=\u00bboff\u00bb]<\/p>\n<p>Nuestros programas combinan teor\u00eda y pr\u00e1ctica, aportando ejemplos reales de proyectos en los que hemos trabajado. Esto asegura que los alumnos reciban no solo conocimientos acad\u00e9micos, sino tambi\u00e9n experiencia aplicada al terreno.<\/p>\n<p>[\/et_pb_accordion_item][\/et_pb_accordion][\/et_pb_column][\/et_pb_section][et_pb_section fb_built=\u00bb1&#8243; custom_padding_last_edited=\u00bbon|phone\u00bb disabled_on=\u00bboff|off|on\u00bb admin_label=\u00bbFormaci\u00f3n y Transferencia de Conocimiento M\u00d3VIL\u00bb module_id=\u00bbFormacionTransferenciaConocimiento\u00bb _builder_version=\u00bb4.27.4&#8243; _module_preset=\u00bbdefault\u00bb custom_padding_tablet=\u00bb\u00bb custom_padding_phone=\u00bb0px||0px||true|false\u00bb locked=\u00bboff\u00bb collapsed=\u00bbon\u00bb global_colors_info=\u00bb{}\u00bb][et_pb_row use_custom_gutter=\u00bbon\u00bb gutter_width=\u00bb1&#8243; disabled_on=\u00bboff|off|off\u00bb _builder_version=\u00bb4.27.4&#8243; _module_preset=\u00bbdefault\u00bb width=\u00bb100%\u00bb custom_padding=\u00bb0px||0px||true|false\u00bb locked=\u00bboff\u00bb global_colors_info=\u00bb{}\u00bb][et_pb_column type=\u00bb4_4&#8243; _builder_version=\u00bb4.27.4&#8243; _module_preset=\u00bbdefault\u00bb custom_css_free_form=\u00bbselector {||  z-index: 9;||}\u00bb global_colors_info=\u00bb{}\u00bb][et_pb_text module_class=\u00bblinea blanca\u00bb _builder_version=\u00bb4.27.4&#8243; _module_preset=\u00bbdefault\u00bb background_color=\u00bb#98bb3f\u00bb custom_margin=\u00bb||0px||false|false\u00bb custom_padding=\u00bb50px|50px|25px|50px|false|true\u00bb global_colors_info=\u00bb{}\u00bb]<\/p>\n<h2>Formaci\u00f3n y Transferencia de Conocimiento<\/h2>\n<p>[\/et_pb_text][et_pb_text _builder_version=\u00bb4.27.4&#8243; _module_preset=\u00bbdefault\u00bb background_color=\u00bb#98bb3f\u00bb custom_padding=\u00bb50px|50px|50px|50px|true|true\u00bb global_colors_info=\u00bb{}\u00bb]<\/p>\n<p><strong>Adem\u00e1s de la consultor\u00eda t\u00e9cnica, SantaCruz Energy se dedica a la formaci\u00f3n de profesionales en \u00e1reas cr\u00edticas de la ingenier\u00eda industrial.<\/strong><\/p>\n<p>[\/et_pb_text][et_pb_image src=\u00bbhttps:\/\/santacruz-energy.com\/wp-content\/uploads\/2025\/11\/ciclos-combinados-2.jpg\u00bb alt=\u00bbPlanta de ciclo combinado\u00bb title_text=\u00bbciclos-combinados-2&#8243; align=\u00bbcenter\u00bb force_fullwidth=\u00bbon\u00bb _builder_version=\u00bb4.27.4&#8243; _module_preset=\u00bbdefault\u00bb global_colors_info=\u00bb{}\u00bb][\/et_pb_image][et_pb_accordion open_toggle_background_color=\u00bb#dee9c1&#8243; icon_color=\u00bb#3c4912&#8243; _builder_version=\u00bb4.27.4&#8243; _module_preset=\u00bbdefault\u00bb toggle_text_color=\u00bb#3c4912&#8243; toggle_level=\u00bbh3&#8243; toggle_line_height=\u00bb1.2em\u00bb custom_margin=\u00bb||||false|false\u00bb global_colors_info=\u00bb{}\u00bb][et_pb_accordion_item title=\u00bbProgramas de formaci\u00f3n: contenidos generales\u00bb open=\u00bbon\u00bb _builder_version=\u00bb4.27.4&#8243; _module_preset=\u00bbdefault\u00bb custom_padding=\u00bb50px|50px|50px|50px|true|true\u00bb global_colors_info=\u00bb{}\u00bb]<\/p>\n<ul>\n<li>Normativa internacional: ASME (dise\u00f1o Secciones I y VIII, materiales base y aportes de soldadura Secci\u00f3n II, ensayos no destructivos Secci\u00f3n V, Soldadura y procedimientos Secci\u00f3n IX).<\/li>\n<li>Reparaci\u00f3n de equipos en servicio: API y ASME PCC2.<\/li>\n<li>Ensayos no destructivos (END): l\u00edquidos penetrantes, ultrasonidos, inspecci\u00f3n visual, part\u00edculas magn\u00e9ticas y radiograf\u00eda.<\/li>\n<li>Metalograf\u00eda aplicada: detecci\u00f3n y an\u00e1lisis de fallos en componentes.<\/li>\n<li>Corrosi\u00f3n y mecanismos de fallo en plantas industriales.<\/li>\n<li>Soldadura y soldabilidad de los materiales utilizados en plantas industriales.<\/li>\n<\/ul>\n<p>[\/et_pb_accordion_item][et_pb_accordion_item title=\u00bbMetodolog\u00eda\u00bb _builder_version=\u00bb4.27.4&#8243; _module_preset=\u00bbdefault\u00bb custom_padding=\u00bb50px|50px|50px|50px|true|true\u00bb global_colors_info=\u00bb{}\u00bb open=\u00bboff\u00bb]<\/p>\n<p>Nuestros programas combinan teor\u00eda y pr\u00e1ctica, aportando ejemplos reales de proyectos en los que hemos trabajado. Esto asegura que los alumnos reciban no solo conocimientos acad\u00e9micos, sino tambi\u00e9n experiencia aplicada al terreno.<\/p>\n<p>[\/et_pb_accordion_item][\/et_pb_accordion][\/et_pb_column][\/et_pb_row][\/et_pb_section]<\/p>\n","protected":false},"excerpt":{"rendered":"<p>Formaci\u00f3n y Transferencia de ConocimientoAdem\u00e1s de la consultor\u00eda t\u00e9cnica, SantaCruz Energy se dedica a la formaci\u00f3n de profesionales en \u00e1reas cr\u00edticas de la ingenier\u00eda industrial. Normativa internacional: ASME (dise\u00f1o Secciones I y VIII, materiales base y aportes de soldadura Secci\u00f3n II, ensayos no destructivos Secci\u00f3n V, Soldadura y procedimientos Secci\u00f3n IX). Reparaci\u00f3n de equipos en [&hellip;]<\/p>\n","protected":false},"author":1,"featured_media":0,"parent":0,"menu_order":0,"comment_status":"closed","ping_status":"closed","template":"","meta":{"_et_pb_use_builder":"on","_et_pb_old_content":"","_et_gb_content_width":"","footnotes":""},"class_list":["post-685","page","type-page","status-publish","hentry"],"yoast_head":"<!-- This site is optimized with the Yoast SEO plugin v27.1.1 - https:\/\/yoast.com\/product\/yoast-seo-wordpress\/ -->\n<title>Formaci\u00f3n y Transferencia de Conocimiento - SantaCruz Energy | Ingenier\u00eda de Integridad y Consultor\u00eda T\u00e9cnica Industrial<\/title>\n<meta name=\"robots\" content=\"index, follow, max-snippet:-1, max-image-preview:large, max-video-preview:-1\" \/>\n<link rel=\"canonical\" href=\"https:\/\/santacruz-energy.com\/en\/formacion-y-transferencia-de-conocimiento\/\" \/>\n<meta property=\"og:locale\" content=\"en_GB\" \/>\n<meta property=\"og:type\" content=\"article\" \/>\n<meta property=\"og:title\" content=\"Formaci\u00f3n y Transferencia de Conocimiento - SantaCruz Energy | Ingenier\u00eda de Integridad y Consultor\u00eda T\u00e9cnica Industrial\" \/>\n<meta property=\"og:description\" content=\"Formaci\u00f3n y Transferencia de ConocimientoAdem\u00e1s de la consultor\u00eda t\u00e9cnica, SantaCruz Energy se dedica a la formaci\u00f3n de profesionales en \u00e1reas cr\u00edticas de la ingenier\u00eda industrial. Normativa internacional: ASME (dise\u00f1o Secciones I y VIII, materiales base y aportes de soldadura Secci\u00f3n II, ensayos no destructivos Secci\u00f3n V, Soldadura y procedimientos Secci\u00f3n IX). Reparaci\u00f3n de equipos en [&hellip;]\" \/>\n<meta property=\"og:url\" content=\"https:\/\/santacruz-energy.com\/en\/formacion-y-transferencia-de-conocimiento\/\" \/>\n<meta property=\"og:site_name\" content=\"SantaCruz Energy | Ingenier\u00eda de Integridad y Consultor\u00eda T\u00e9cnica Industrial\" \/>\n<meta property=\"article:modified_time\" content=\"2026-03-10T11:05:39+00:00\" \/>\n<meta name=\"twitter:card\" content=\"summary_large_image\" \/>\n<script type=\"application\/ld+json\" class=\"yoast-schema-graph\">{\"@context\":\"https:\/\/schema.org\",\"@graph\":[{\"@type\":\"WebPage\",\"@id\":\"https:\/\/santacruz-energy.com\/formacion-y-transferencia-de-conocimiento\/\",\"url\":\"https:\/\/santacruz-energy.com\/formacion-y-transferencia-de-conocimiento\/\",\"name\":\"Formaci\u00f3n y Transferencia de Conocimiento - SantaCruz Energy | Ingenier\u00eda de Integridad y Consultor\u00eda T\u00e9cnica Industrial\",\"isPartOf\":{\"@id\":\"https:\/\/santacruz-energy.com\/#website\"},\"datePublished\":\"2025-12-19T08:47:11+00:00\",\"dateModified\":\"2026-03-10T11:05:39+00:00\",\"breadcrumb\":{\"@id\":\"https:\/\/santacruz-energy.com\/formacion-y-transferencia-de-conocimiento\/#breadcrumb\"},\"inLanguage\":\"en-GB\",\"potentialAction\":[{\"@type\":\"ReadAction\",\"target\":[\"https:\/\/santacruz-energy.com\/formacion-y-transferencia-de-conocimiento\/\"]}]},{\"@type\":\"BreadcrumbList\",\"@id\":\"https:\/\/santacruz-energy.com\/formacion-y-transferencia-de-conocimiento\/#breadcrumb\",\"itemListElement\":[{\"@type\":\"ListItem\",\"position\":1,\"name\":\"Portada\",\"item\":\"https:\/\/santacruz-energy.com\/\"},{\"@type\":\"ListItem\",\"position\":2,\"name\":\"Formaci\u00f3n y Transferencia de Conocimiento\"}]},{\"@type\":\"WebSite\",\"@id\":\"https:\/\/santacruz-energy.com\/#website\",\"url\":\"https:\/\/santacruz-energy.com\/\",\"name\":\"SantaCruz Energy | Ingenier\u00eda de Integridad y Consultor\u00eda T\u00e9cnica Industrial\",\"description\":\"SantaCruz Energy ofrece soluciones en ingenier\u00eda de integridad, an\u00e1lisis de fallos e inspecciones industriales, con m\u00e1s de 25 a\u00f1os de experiencia en proyectos internacionales en EEUU, Latinoam\u00e9rica, Oriente Medio y otros mercados energ\u00e9ticos.\",\"potentialAction\":[{\"@type\":\"SearchAction\",\"target\":{\"@type\":\"EntryPoint\",\"urlTemplate\":\"https:\/\/santacruz-energy.com\/?s={search_term_string}\"},\"query-input\":{\"@type\":\"PropertyValueSpecification\",\"valueRequired\":true,\"valueName\":\"search_term_string\"}}],\"inLanguage\":\"en-GB\"}]}<\/script>\n<!-- \/ Yoast SEO plugin. -->","yoast_head_json":{"title":"Formaci\u00f3n y Transferencia de Conocimiento - SantaCruz Energy | Ingenier\u00eda de Integridad y Consultor\u00eda T\u00e9cnica Industrial","robots":{"index":"index","follow":"follow","max-snippet":"max-snippet:-1","max-image-preview":"max-image-preview:large","max-video-preview":"max-video-preview:-1"},"canonical":"https:\/\/santacruz-energy.com\/en\/formacion-y-transferencia-de-conocimiento\/","og_locale":"en_GB","og_type":"article","og_title":"Formaci\u00f3n y Transferencia de Conocimiento - SantaCruz Energy | Ingenier\u00eda de Integridad y Consultor\u00eda T\u00e9cnica Industrial","og_description":"Formaci\u00f3n y Transferencia de ConocimientoAdem\u00e1s de la consultor\u00eda t\u00e9cnica, SantaCruz Energy se dedica a la formaci\u00f3n de profesionales en \u00e1reas cr\u00edticas de la ingenier\u00eda industrial. Normativa internacional: ASME (dise\u00f1o Secciones I y VIII, materiales base y aportes de soldadura Secci\u00f3n II, ensayos no destructivos Secci\u00f3n V, Soldadura y procedimientos Secci\u00f3n IX). Reparaci\u00f3n de equipos en [&hellip;]","og_url":"https:\/\/santacruz-energy.com\/en\/formacion-y-transferencia-de-conocimiento\/","og_site_name":"SantaCruz Energy | Ingenier\u00eda de Integridad y Consultor\u00eda T\u00e9cnica Industrial","article_modified_time":"2026-03-10T11:05:39+00:00","twitter_card":"summary_large_image","schema":{"@context":"https:\/\/schema.org","@graph":[{"@type":"WebPage","@id":"https:\/\/santacruz-energy.com\/formacion-y-transferencia-de-conocimiento\/","url":"https:\/\/santacruz-energy.com\/formacion-y-transferencia-de-conocimiento\/","name":"Formaci\u00f3n y Transferencia de Conocimiento - SantaCruz Energy | Ingenier\u00eda de Integridad y Consultor\u00eda T\u00e9cnica Industrial","isPartOf":{"@id":"https:\/\/santacruz-energy.com\/#website"},"datePublished":"2025-12-19T08:47:11+00:00","dateModified":"2026-03-10T11:05:39+00:00","breadcrumb":{"@id":"https:\/\/santacruz-energy.com\/formacion-y-transferencia-de-conocimiento\/#breadcrumb"},"inLanguage":"en-GB","potentialAction":[{"@type":"ReadAction","target":["https:\/\/santacruz-energy.com\/formacion-y-transferencia-de-conocimiento\/"]}]},{"@type":"BreadcrumbList","@id":"https:\/\/santacruz-energy.com\/formacion-y-transferencia-de-conocimiento\/#breadcrumb","itemListElement":[{"@type":"ListItem","position":1,"name":"Portada","item":"https:\/\/santacruz-energy.com\/"},{"@type":"ListItem","position":2,"name":"Formaci\u00f3n y Transferencia de Conocimiento"}]},{"@type":"WebSite","@id":"https:\/\/santacruz-energy.com\/#website","url":"https:\/\/santacruz-energy.com\/","name":"SantaCruz Energy | Ingenier\u00eda de Integridad y Consultor\u00eda T\u00e9cnica Industrial","description":"SantaCruz Energy ofrece soluciones en ingenier\u00eda de integridad, an\u00e1lisis de fallos e inspecciones industriales, con m\u00e1s de 25 a\u00f1os de experiencia en proyectos internacionales en EEUU, Latinoam\u00e9rica, Oriente Medio y otros mercados energ\u00e9ticos.","potentialAction":[{"@type":"SearchAction","target":{"@type":"EntryPoint","urlTemplate":"https:\/\/santacruz-energy.com\/?s={search_term_string}"},"query-input":{"@type":"PropertyValueSpecification","valueRequired":true,"valueName":"search_term_string"}}],"inLanguage":"en-GB"}]}},"_links":{"self":[{"href":"https:\/\/santacruz-energy.com\/en\/wp-json\/wp\/v2\/pages\/685","targetHints":{"allow":["GET"]}}],"collection":[{"href":"https:\/\/santacruz-energy.com\/en\/wp-json\/wp\/v2\/pages"}],"about":[{"href":"https:\/\/santacruz-energy.com\/en\/wp-json\/wp\/v2\/types\/page"}],"author":[{"embeddable":true,"href":"https:\/\/santacruz-energy.com\/en\/wp-json\/wp\/v2\/users\/1"}],"replies":[{"embeddable":true,"href":"https:\/\/santacruz-energy.com\/en\/wp-json\/wp\/v2\/comments?post=685"}],"version-history":[{"count":16,"href":"https:\/\/santacruz-energy.com\/en\/wp-json\/wp\/v2\/pages\/685\/revisions"}],"predecessor-version":[{"id":866,"href":"https:\/\/santacruz-energy.com\/en\/wp-json\/wp\/v2\/pages\/685\/revisions\/866"}],"wp:attachment":[{"href":"https:\/\/santacruz-energy.com\/en\/wp-json\/wp\/v2\/media?parent=685"}],"curies":[{"name":"wp","href":"https:\/\/api.w.org\/{rel}","templated":true}]}}