{"id":656,"date":"2025-12-18T15:22:52","date_gmt":"2025-12-18T14:22:52","guid":{"rendered":"https:\/\/santacruz-energy.com\/?page_id=656"},"modified":"2026-03-10T12:00:29","modified_gmt":"2026-03-10T11:00:29","slug":"inspeccion-y-supervision-tecnica","status":"publish","type":"page","link":"https:\/\/santacruz-energy.com\/en\/inspeccion-y-supervision-tecnica\/","title":{"rendered":"Technical Inspection and Supervision"},"content":{"rendered":"<p>[et_pb_section fb_built=\u00bb1&#8243; make_equal=\u00bbon\u00bb use_custom_gutter=\u00bbon\u00bb gutter_width=\u00bb1&#8243; specialty=\u00bbon\u00bb padding_top_1=\u00bb0px\u00bb padding_top_2=\u00bb0px\u00bb padding_bottom_1=\u00bb0px\u00bb padding_bottom_2=\u00bb0px\u00bb padding_top_bottom_link_1=\u00bbtrue\u00bb padding_top_bottom_link_2=\u00bbtrue\u00bb padding_left_right_link_1=\u00bbfalse\u00bb padding_left_right_link_2=\u00bbfalse\u00bb disabled_on=\u00bbon|on|off\u00bb admin_label=\u00bbInspecci\u00f3n y Supervisi\u00f3n T\u00e9cnica\u00bb module_class=\u00bbbloqueServicios\u00bb _builder_version=\u00bb4.27.4&#8243; _module_preset=\u00bbdefault\u00bb locked=\u00bboff\u00bb collapsed=\u00bbon\u00bb global_colors_info=\u00bb{}\u00bb][et_pb_column type=\u00bb1_2&#8243; specialty_columns=\u00bb2&#8243; _builder_version=\u00bb4.16&#8243; custom_padding=\u00bb|||\u00bb global_colors_info=\u00bb{}\u00bb custom_padding__hover=\u00bb|||\u00bb][et_pb_row_inner module_class=\u00bbfilaImagen franjaVerde izq\u00bb _builder_version=\u00bb4.27.4&#8243; _module_preset=\u00bbdefault\u00bb background_enable_image=\u00bboff\u00bb custom_padding=\u00bb0px||0px||true|false\u00bb animation_style=\u00bbslide\u00bb animation_direction=\u00bbleft\u00bb animation_intensity_slide=\u00bb20%\u00bb background_last_edited=\u00bboff|desktop\u00bb background_enable_image_tablet=\u00bboff\u00bb locked=\u00bboff\u00bb global_colors_info=\u00bb{}\u00bb][et_pb_column_inner saved_specialty_column_type=\u00bb1_2&#8243; _builder_version=\u00bb4.27.4&#8243; _module_preset=\u00bbdefault\u00bb background_image=\u00bbhttps:\/\/santacruz-energy.com\/wp-content\/uploads\/2025\/12\/P1110673-scaled.jpg\u00bb parallax=\u00bbon\u00bb global_colors_info=\u00bb{}\u00bb][\/et_pb_column_inner][\/et_pb_row_inner][et_pb_row_inner _builder_version=\u00bb4.27.4&#8243; _module_preset=\u00bbdefault\u00bb custom_padding=\u00bb0px||||false|false\u00bb global_colors_info=\u00bb{}\u00bb][et_pb_column_inner saved_specialty_column_type=\u00bb1_2&#8243; _builder_version=\u00bb4.27.4&#8243; _module_preset=\u00bbdefault\u00bb global_colors_info=\u00bb{}\u00bb][et_pb_text module_class=\u00bblinea verde\u00bb _builder_version=\u00bb4.27.4&#8243; _module_preset=\u00bbdefault\u00bb custom_margin=\u00bb||0px||false|false\u00bb custom_padding=\u00bb50px|50px|50px|50px|true|true\u00bb animation_style=\u00bbslide\u00bb animation_direction=\u00bbright\u00bb animation_intensity_slide=\u00bb20%\u00bb hover_enabled=\u00bb0&#8243; locked=\u00bboff\u00bb global_colors_info=\u00bb{}\u00bb sticky_enabled=\u00bb0&#8243;]<\/p>\n<h1>Inspecci\u00f3n y Supervisi\u00f3n T\u00e9cnica<\/h1>\n<p>[\/et_pb_text][et_pb_text _builder_version=\u00bb4.27.4&#8243; _module_preset=\u00bbdefault\u00bb custom_padding=\u00bb50px|50px|50px|50px|true|true\u00bb animation_style=\u00bbslide\u00bb animation_direction=\u00bbbottom\u00bb animation_intensity_slide=\u00bb20%\u00bb global_colors_info=\u00bb{}\u00bb sticky_enabled=\u00bb0&#8243; background_color=\u00bb#FFFFFF\u00bb header_2_font_size=\u00bb19px\u00bb header_2_line_height=\u00bb1.2em\u00bb]<\/p>\n<h2><strong>La supervisi\u00f3n de trabajos industriales es otro de los pilares de SantaCruz Energy. La experiencia acumulada en paradas programadas y proyectos internacionales nos permite ofrecer un control exhaustivo de cada intervenci\u00f3n.<\/strong><\/h2>\n<p>[\/et_pb_text][\/et_pb_column_inner][\/et_pb_row_inner][\/et_pb_column][et_pb_column type=\u00bb1_2&#8243; _builder_version=\u00bb4.16&#8243; custom_padding=\u00bb|||\u00bb global_colors_info=\u00bb{}\u00bb custom_padding__hover=\u00bb|||\u00bb][et_pb_accordion icon_color=\u00bb#3c4912&#8243; _builder_version=\u00bb4.27.4&#8243; _module_preset=\u00bbdefault\u00bb toggle_text_color=\u00bb#3c4912&#8243; toggle_level=\u00bbh3&#8243; toggle_line_height=\u00bb1.2em\u00bb animation_style=\u00bbslide\u00bb animation_direction=\u00bbtop\u00bb animation_intensity_slide=\u00bb20%\u00bb global_colors_info=\u00bb{}\u00bb][et_pb_accordion_item title=\u00bbServicios de supervisi\u00f3n\u00bb open=\u00bbon\u00bb _builder_version=\u00bb4.27.4&#8243; _module_preset=\u00bbdefault\u00bb custom_margin=\u00bb||0px||false|false\u00bb custom_padding=\u00bb50px|50px|50px|50px|true|true\u00bb hover_enabled=\u00bb0&#8243; global_colors_info=\u00bb{}\u00bb sticky_enabled=\u00bb0&#8243;]<\/p>\n<ul>\n<li>Inspecci\u00f3n de calderas, turbinas y recipientes a presi\u00f3n.<\/li>\n<li>Control de calidad en soldadura, tuber\u00edas y componentes cr\u00edticos.<\/li>\n<li>Supervisi\u00f3n de montaje y fabricaci\u00f3n de equipos industriales.<\/li>\n<li>Coordinaci\u00f3n de inspecciones en centrales de ciclo combinado, t\u00e9rmicas, hidr\u00e1ulicas y e\u00f3licas.<\/li>\n<li>Supervisi\u00f3n y evaluaci\u00f3n de ensayos no destructivos (END) en campo. Preparaci\u00f3n de procedimientos de reparaci\u00f3n e inspecci\u00f3n en funci\u00f3n de hallazgos in situ.<\/li>\n<\/ul>\n<p>[\/et_pb_accordion_item][et_pb_accordion_item title=\u00bbVentajas para las empresas\u00bb _builder_version=\u00bb4.27.4&#8243; _module_preset=\u00bbdefault\u00bb custom_padding=\u00bb50px|50px|50px|50px|true|true\u00bb global_colors_info=\u00bb{}\u00bb open=\u00bboff\u00bb]<\/p>\n<ul>\n<li>Garant\u00eda de que los trabajos cumplen normativa internacional.<\/li>\n<li>Reducci\u00f3n de errores en las fases de montaje y reparaci\u00f3n.<\/li>\n<li>Informes t\u00e9cnicos independientes y verificables.<\/li>\n<li>Evita retrasos en el desarrollo de los mantenimientos.<\/li>\n<\/ul>\n<p>[\/et_pb_accordion_item][\/et_pb_accordion][\/et_pb_column][\/et_pb_section][et_pb_section fb_built=\u00bb1&#8243; custom_padding_last_edited=\u00bbon|tablet\u00bb disabled_on=\u00bboff|off|on\u00bb admin_label=\u00bbInspecci\u00f3n y Supervisi\u00f3n T\u00e9cnica M\u00d3VIL\u00bb module_id=\u00bbInspeccionSupervisionTecnica\u00bb _builder_version=\u00bb4.27.4&#8243; _module_preset=\u00bbdefault\u00bb custom_padding_tablet=\u00bb0px||0px||true|false\u00bb custom_padding_phone=\u00bb0px||0px||true|false\u00bb locked=\u00bboff\u00bb collapsed=\u00bbon\u00bb global_colors_info=\u00bb{}\u00bb][et_pb_row use_custom_gutter=\u00bbon\u00bb gutter_width=\u00bb1&#8243; disabled_on=\u00bboff|off|off\u00bb _builder_version=\u00bb4.27.4&#8243; _module_preset=\u00bbdefault\u00bb width_tablet=\u00bb\u00bb width_phone=\u00bb100%\u00bb width_last_edited=\u00bbon|phone\u00bb custom_padding=\u00bb0px||0px||true|false\u00bb global_colors_info=\u00bb{}\u00bb][et_pb_column type=\u00bb4_4&#8243; _builder_version=\u00bb4.27.4&#8243; _module_preset=\u00bbdefault\u00bb global_colors_info=\u00bb{}\u00bb][et_pb_text module_class=\u00bblinea blanca\u00bb _builder_version=\u00bb4.27.4&#8243; _module_preset=\u00bbdefault\u00bb background_color=\u00bb#98bb3f\u00bb custom_margin=\u00bb||0px||false|false\u00bb custom_padding=\u00bb50px|50px|25px|50px|false|true\u00bb locked=\u00bboff\u00bb global_colors_info=\u00bb{}\u00bb]<\/p>\n<h2>Inspecci\u00f3n y Supervisi\u00f3n T\u00e9cnica<\/h2>\n<p>[\/et_pb_text][et_pb_text _builder_version=\u00bb4.27.4&#8243; _module_preset=\u00bbdefault\u00bb background_color=\u00bb#98bb3f\u00bb custom_padding=\u00bb50px|50px|50px|50px|true|true\u00bb global_colors_info=\u00bb{}\u00bb]<\/p>\n<p><strong>La supervisi\u00f3n de trabajos industriales es otro de los pilares de SantaCruz Energy. La experiencia acumulada en paradas programadas y proyectos internacionales nos permite ofrecer un control exhaustivo de cada intervenci\u00f3n.<\/strong><\/p>\n<p>[\/et_pb_text][et_pb_image src=\u00bbhttps:\/\/santacruz-energy.com\/wp-content\/uploads\/2025\/11\/Inspeccion-Supervision-Tecnica.jpg\u00bb alt=\u00bbInspecci\u00f3n y Supervisi\u00f3n T\u00e9cnica\u00bb title_text=\u00bbInspeccion-Supervision-Tecnica\u00bb align=\u00bbcenter\u00bb force_fullwidth=\u00bbon\u00bb _builder_version=\u00bb4.27.4&#8243; _module_preset=\u00bbdefault\u00bb global_colors_info=\u00bb{}\u00bb][\/et_pb_image][et_pb_accordion icon_color=\u00bb#3c4912&#8243; _builder_version=\u00bb4.27.4&#8243; _module_preset=\u00bbdefault\u00bb toggle_text_color=\u00bb#3c4912&#8243; toggle_level=\u00bbh3&#8243; toggle_line_height=\u00bb1.2em\u00bb global_colors_info=\u00bb{}\u00bb][et_pb_accordion_item title=\u00bbServicios de supervisi\u00f3n\u00bb open=\u00bbon\u00bb _builder_version=\u00bb4.27.4&#8243; _module_preset=\u00bbdefault\u00bb custom_margin=\u00bb||0px||false|false\u00bb custom_padding=\u00bb50px|50px|50px|50px|true|true\u00bb global_colors_info=\u00bb{}\u00bb]<\/p>\n<ul>\n<li>Inspecci\u00f3n de calderas, turbinas y recipientes a presi\u00f3n.<\/li>\n<li>Control de calidad en soldadura, tuber\u00edas y componentes cr\u00edticos.<\/li>\n<li>Supervisi\u00f3n de montaje y fabricaci\u00f3n de equipos industriales.<\/li>\n<li>Coordinaci\u00f3n de inspecciones en centrales de ciclo combinado, t\u00e9rmicas, hidr\u00e1ulicas y e\u00f3licas.<\/li>\n<li>Supervisi\u00f3n y evaluaci\u00f3n de ensayos no destructivos (END) en campo. Preparaci\u00f3n de procedimientos de reparaci\u00f3n e inspecci\u00f3n en funci\u00f3n de hallazgos in situ.<\/li>\n<\/ul>\n<p>[\/et_pb_accordion_item][et_pb_accordion_item title=\u00bbVentajas para las empresas\u00bb _builder_version=\u00bb4.27.4&#8243; _module_preset=\u00bbdefault\u00bb custom_padding=\u00bb50px|50px|50px|50px|true|true\u00bb global_colors_info=\u00bb{}\u00bb open=\u00bboff\u00bb]<\/p>\n<ul>\n<li>Garant\u00eda de que los trabajos cumplen normativa internacional.<\/li>\n<li>Reducci\u00f3n de errores en las fases de montaje y reparaci\u00f3n.<\/li>\n<li>Informes t\u00e9cnicos independientes y verificables.<\/li>\n<li>Evita retrasos en el desarrollo de los mantenimientos.<\/li>\n<\/ul>\n<p>[\/et_pb_accordion_item][\/et_pb_accordion][\/et_pb_column][\/et_pb_row][\/et_pb_section]<\/p>\n","protected":false},"excerpt":{"rendered":"<p>Inspecci\u00f3n y Supervisi\u00f3n T\u00e9cnicaLa supervisi\u00f3n de trabajos industriales es otro de los pilares de SantaCruz Energy. La experiencia acumulada en paradas programadas y proyectos internacionales nos permite ofrecer un control exhaustivo de cada intervenci\u00f3n. Inspecci\u00f3n de calderas, turbinas y recipientes a presi\u00f3n. Control de calidad en soldadura, tuber\u00edas y componentes cr\u00edticos. Supervisi\u00f3n de montaje y [&hellip;]<\/p>\n","protected":false},"author":1,"featured_media":0,"parent":0,"menu_order":0,"comment_status":"closed","ping_status":"closed","template":"","meta":{"_et_pb_use_builder":"on","_et_pb_old_content":"","_et_gb_content_width":"","footnotes":""},"class_list":["post-656","page","type-page","status-publish","hentry"],"yoast_head":"<!-- This site is optimized with the Yoast SEO plugin v27.1.1 - https:\/\/yoast.com\/product\/yoast-seo-wordpress\/ -->\n<title>Inspecci\u00f3n y Supervisi\u00f3n T\u00e9cnica - SantaCruz Energy | Ingenier\u00eda de Integridad y Consultor\u00eda T\u00e9cnica Industrial<\/title>\n<meta name=\"robots\" content=\"index, follow, max-snippet:-1, max-image-preview:large, max-video-preview:-1\" \/>\n<link rel=\"canonical\" href=\"https:\/\/santacruz-energy.com\/en\/inspeccion-y-supervision-tecnica\/\" \/>\n<meta property=\"og:locale\" content=\"en_GB\" \/>\n<meta property=\"og:type\" content=\"article\" \/>\n<meta property=\"og:title\" content=\"Inspecci\u00f3n y Supervisi\u00f3n T\u00e9cnica - SantaCruz Energy | Ingenier\u00eda de Integridad y Consultor\u00eda T\u00e9cnica Industrial\" \/>\n<meta property=\"og:description\" content=\"Inspecci\u00f3n y Supervisi\u00f3n T\u00e9cnicaLa supervisi\u00f3n de trabajos industriales es otro de los pilares de SantaCruz Energy. La experiencia acumulada en paradas programadas y proyectos internacionales nos permite ofrecer un control exhaustivo de cada intervenci\u00f3n. Inspecci\u00f3n de calderas, turbinas y recipientes a presi\u00f3n. Control de calidad en soldadura, tuber\u00edas y componentes cr\u00edticos. Supervisi\u00f3n de montaje y [&hellip;]\" \/>\n<meta property=\"og:url\" content=\"https:\/\/santacruz-energy.com\/en\/inspeccion-y-supervision-tecnica\/\" \/>\n<meta property=\"og:site_name\" content=\"SantaCruz Energy | Ingenier\u00eda de Integridad y Consultor\u00eda T\u00e9cnica Industrial\" \/>\n<meta property=\"article:modified_time\" content=\"2026-03-10T11:00:29+00:00\" \/>\n<meta name=\"twitter:card\" content=\"summary_large_image\" \/>\n<script type=\"application\/ld+json\" class=\"yoast-schema-graph\">{\"@context\":\"https:\/\/schema.org\",\"@graph\":[{\"@type\":\"WebPage\",\"@id\":\"https:\/\/santacruz-energy.com\/inspeccion-y-supervision-tecnica\/\",\"url\":\"https:\/\/santacruz-energy.com\/inspeccion-y-supervision-tecnica\/\",\"name\":\"Inspecci\u00f3n y Supervisi\u00f3n T\u00e9cnica - SantaCruz Energy | Ingenier\u00eda de Integridad y Consultor\u00eda T\u00e9cnica Industrial\",\"isPartOf\":{\"@id\":\"https:\/\/santacruz-energy.com\/#website\"},\"datePublished\":\"2025-12-18T14:22:52+00:00\",\"dateModified\":\"2026-03-10T11:00:29+00:00\",\"breadcrumb\":{\"@id\":\"https:\/\/santacruz-energy.com\/inspeccion-y-supervision-tecnica\/#breadcrumb\"},\"inLanguage\":\"en-GB\",\"potentialAction\":[{\"@type\":\"ReadAction\",\"target\":[\"https:\/\/santacruz-energy.com\/inspeccion-y-supervision-tecnica\/\"]}]},{\"@type\":\"BreadcrumbList\",\"@id\":\"https:\/\/santacruz-energy.com\/inspeccion-y-supervision-tecnica\/#breadcrumb\",\"itemListElement\":[{\"@type\":\"ListItem\",\"position\":1,\"name\":\"Portada\",\"item\":\"https:\/\/santacruz-energy.com\/\"},{\"@type\":\"ListItem\",\"position\":2,\"name\":\"Inspecci\u00f3n y Supervisi\u00f3n T\u00e9cnica\"}]},{\"@type\":\"WebSite\",\"@id\":\"https:\/\/santacruz-energy.com\/#website\",\"url\":\"https:\/\/santacruz-energy.com\/\",\"name\":\"SantaCruz Energy | Ingenier\u00eda de Integridad y Consultor\u00eda T\u00e9cnica Industrial\",\"description\":\"SantaCruz Energy ofrece soluciones en ingenier\u00eda de integridad, an\u00e1lisis de fallos e inspecciones industriales, con m\u00e1s de 25 a\u00f1os de experiencia en proyectos internacionales en EEUU, Latinoam\u00e9rica, Oriente Medio y otros mercados energ\u00e9ticos.\",\"potentialAction\":[{\"@type\":\"SearchAction\",\"target\":{\"@type\":\"EntryPoint\",\"urlTemplate\":\"https:\/\/santacruz-energy.com\/?s={search_term_string}\"},\"query-input\":{\"@type\":\"PropertyValueSpecification\",\"valueRequired\":true,\"valueName\":\"search_term_string\"}}],\"inLanguage\":\"en-GB\"}]}<\/script>\n<!-- \/ Yoast SEO plugin. -->","yoast_head_json":{"title":"Inspecci\u00f3n y Supervisi\u00f3n T\u00e9cnica - SantaCruz Energy | Ingenier\u00eda de Integridad y Consultor\u00eda T\u00e9cnica Industrial","robots":{"index":"index","follow":"follow","max-snippet":"max-snippet:-1","max-image-preview":"max-image-preview:large","max-video-preview":"max-video-preview:-1"},"canonical":"https:\/\/santacruz-energy.com\/en\/inspeccion-y-supervision-tecnica\/","og_locale":"en_GB","og_type":"article","og_title":"Inspecci\u00f3n y Supervisi\u00f3n T\u00e9cnica - SantaCruz Energy | Ingenier\u00eda de Integridad y Consultor\u00eda T\u00e9cnica Industrial","og_description":"Inspecci\u00f3n y Supervisi\u00f3n T\u00e9cnicaLa supervisi\u00f3n de trabajos industriales es otro de los pilares de SantaCruz Energy. La experiencia acumulada en paradas programadas y proyectos internacionales nos permite ofrecer un control exhaustivo de cada intervenci\u00f3n. Inspecci\u00f3n de calderas, turbinas y recipientes a presi\u00f3n. Control de calidad en soldadura, tuber\u00edas y componentes cr\u00edticos. Supervisi\u00f3n de montaje y [&hellip;]","og_url":"https:\/\/santacruz-energy.com\/en\/inspeccion-y-supervision-tecnica\/","og_site_name":"SantaCruz Energy | Ingenier\u00eda de Integridad y Consultor\u00eda T\u00e9cnica Industrial","article_modified_time":"2026-03-10T11:00:29+00:00","twitter_card":"summary_large_image","schema":{"@context":"https:\/\/schema.org","@graph":[{"@type":"WebPage","@id":"https:\/\/santacruz-energy.com\/inspeccion-y-supervision-tecnica\/","url":"https:\/\/santacruz-energy.com\/inspeccion-y-supervision-tecnica\/","name":"Inspecci\u00f3n y Supervisi\u00f3n T\u00e9cnica - SantaCruz Energy | Ingenier\u00eda de Integridad y Consultor\u00eda T\u00e9cnica Industrial","isPartOf":{"@id":"https:\/\/santacruz-energy.com\/#website"},"datePublished":"2025-12-18T14:22:52+00:00","dateModified":"2026-03-10T11:00:29+00:00","breadcrumb":{"@id":"https:\/\/santacruz-energy.com\/inspeccion-y-supervision-tecnica\/#breadcrumb"},"inLanguage":"en-GB","potentialAction":[{"@type":"ReadAction","target":["https:\/\/santacruz-energy.com\/inspeccion-y-supervision-tecnica\/"]}]},{"@type":"BreadcrumbList","@id":"https:\/\/santacruz-energy.com\/inspeccion-y-supervision-tecnica\/#breadcrumb","itemListElement":[{"@type":"ListItem","position":1,"name":"Portada","item":"https:\/\/santacruz-energy.com\/"},{"@type":"ListItem","position":2,"name":"Inspecci\u00f3n y Supervisi\u00f3n T\u00e9cnica"}]},{"@type":"WebSite","@id":"https:\/\/santacruz-energy.com\/#website","url":"https:\/\/santacruz-energy.com\/","name":"SantaCruz Energy | Ingenier\u00eda de Integridad y Consultor\u00eda T\u00e9cnica Industrial","description":"SantaCruz Energy ofrece soluciones en ingenier\u00eda de integridad, an\u00e1lisis de fallos e inspecciones industriales, con m\u00e1s de 25 a\u00f1os de experiencia en proyectos internacionales en EEUU, Latinoam\u00e9rica, Oriente Medio y otros mercados energ\u00e9ticos.","potentialAction":[{"@type":"SearchAction","target":{"@type":"EntryPoint","urlTemplate":"https:\/\/santacruz-energy.com\/?s={search_term_string}"},"query-input":{"@type":"PropertyValueSpecification","valueRequired":true,"valueName":"search_term_string"}}],"inLanguage":"en-GB"}]}},"_links":{"self":[{"href":"https:\/\/santacruz-energy.com\/en\/wp-json\/wp\/v2\/pages\/656","targetHints":{"allow":["GET"]}}],"collection":[{"href":"https:\/\/santacruz-energy.com\/en\/wp-json\/wp\/v2\/pages"}],"about":[{"href":"https:\/\/santacruz-energy.com\/en\/wp-json\/wp\/v2\/types\/page"}],"author":[{"embeddable":true,"href":"https:\/\/santacruz-energy.com\/en\/wp-json\/wp\/v2\/users\/1"}],"replies":[{"embeddable":true,"href":"https:\/\/santacruz-energy.com\/en\/wp-json\/wp\/v2\/comments?post=656"}],"version-history":[{"count":17,"href":"https:\/\/santacruz-energy.com\/en\/wp-json\/wp\/v2\/pages\/656\/revisions"}],"predecessor-version":[{"id":857,"href":"https:\/\/santacruz-energy.com\/en\/wp-json\/wp\/v2\/pages\/656\/revisions\/857"}],"wp:attachment":[{"href":"https:\/\/santacruz-energy.com\/en\/wp-json\/wp\/v2\/media?parent=656"}],"curies":[{"name":"wp","href":"https:\/\/api.w.org\/{rel}","templated":true}]}}