{"id":649,"date":"2025-12-18T15:07:11","date_gmt":"2025-12-18T14:07:11","guid":{"rendered":"https:\/\/santacruz-energy.com\/?page_id=649"},"modified":"2026-03-10T11:59:34","modified_gmt":"2026-03-10T10:59:34","slug":"ingenieria-de-integridad-de-planta-y-optimizacion","status":"publish","type":"page","link":"https:\/\/santacruz-energy.com\/en\/ingenieria-de-integridad-de-planta-y-optimizacion\/","title":{"rendered":"Plant Integrity Engineering and Optimization"},"content":{"rendered":"<p>[et_pb_section fb_built=\u00bb1&#8243; make_equal=\u00bbon\u00bb use_custom_gutter=\u00bbon\u00bb gutter_width=\u00bb1&#8243; specialty=\u00bbon\u00bb padding_top_1=\u00bb0px\u00bb padding_bottom_1=\u00bb0px\u00bb padding_top_bottom_link_1=\u00bbtrue\u00bb padding_left_right_link_1=\u00bbfalse\u00bb disabled_on=\u00bbon|on|off\u00bb admin_label=\u00bbIngenier\u00eda de Integridad de Planta y Optimizaci\u00f3n\u00bb module_class=\u00bbbloqueServicios\u00bb _builder_version=\u00bb4.27.4&#8243; _module_preset=\u00bbdefault\u00bb locked=\u00bboff\u00bb collapsed=\u00bbon\u00bb global_colors_info=\u00bb{}\u00bb][et_pb_column type=\u00bb1_2&#8243; _builder_version=\u00bb4.16&#8243; custom_padding=\u00bb|||\u00bb global_colors_info=\u00bb{}\u00bb custom_padding__hover=\u00bb|||\u00bb][et_pb_accordion icon_color=\u00bb#3c4912&#8243; _builder_version=\u00bb4.27.4&#8243; _module_preset=\u00bbdefault\u00bb toggle_text_color=\u00bb#3c4912&#8243; toggle_level=\u00bbh3&#8243; toggle_line_height=\u00bb1.2em\u00bb animation_style=\u00bbslide\u00bb animation_direction=\u00bbtop\u00bb animation_intensity_slide=\u00bb20%\u00bb global_colors_info=\u00bb{}\u00bb][et_pb_accordion_item title=\u00bb\u00c1reas de actuaci\u00f3n\u00bb open=\u00bbon\u00bb _builder_version=\u00bb4.27.4&#8243; _module_preset=\u00bbdefault\u00bb custom_margin=\u00bb||0px||false|false\u00bb custom_padding=\u00bb50px|50px|50px|50px|true|true\u00bb global_colors_info=\u00bb{}\u00bb]<\/p>\n<ul>\n<li>Planes de inspecci\u00f3n personalizados: dise\u00f1ados seg\u00fan normativa ASME, API y europea.<\/li>\n<li>Optimizaci\u00f3n del rendimiento: an\u00e1lisis del ciclo agua-vapor, intercambiadores de calor y sistemas cr\u00edticos.<\/li>\n<li>Evaluaci\u00f3n de corrosi\u00f3n y fatiga: determinaci\u00f3n del estado real de componentes sometidos a altas temperaturas o ambientes agresivos.<\/li>\n<li>C\u00e1lculo de vida remanente: asegurando que cada pieza alcance su m\u00e1ximo potencial.<\/li>\n<li>Apoyo en campo durante las paradas programadas e indisponibilidades, realizando evaluaci\u00f3n visual de da\u00f1os y preparaci\u00f3n in situ de procedimientos de reparaci\u00f3n e inspecci\u00f3n.<\/li>\n<\/ul>\n<p>[\/et_pb_accordion_item][et_pb_accordion_item title=\u00bbValor a\u00f1adido\u00bb _builder_version=\u00bb4.27.4&#8243; _module_preset=\u00bbdefault\u00bb custom_padding=\u00bb50px|50px|50px|50px|true|true\u00bb global_colors_info=\u00bb{}\u00bb open=\u00bboff\u00bb]<\/p>\n<p>Con este servicio, los clientes logran:<\/p>\n<ul>\n<li>Prolongar la vida \u00fatil de sus equipos.<\/li>\n<li>Disminuir riesgos de fallo catastr\u00f3fico.<\/li>\n<li>Incrementar la rentabilidad de la instalaci\u00f3n.<\/li>\n<\/ul>\n<p>[\/et_pb_accordion_item][\/et_pb_accordion][\/et_pb_column][et_pb_column type=\u00bb1_2&#8243; specialty_columns=\u00bb2&#8243; _builder_version=\u00bb4.16&#8243; custom_padding=\u00bb|||\u00bb global_colors_info=\u00bb{}\u00bb custom_padding__hover=\u00bb|||\u00bb][et_pb_row_inner module_class=\u00bbfranjaVerde der\u00bb _builder_version=\u00bb4.27.4&#8243; _module_preset=\u00bbdefault\u00bb custom_padding=\u00bb0px||0px||true|false\u00bb animation_style=\u00bbslide\u00bb animation_direction=\u00bbright\u00bb animation_intensity_slide=\u00bb20%\u00bb global_colors_info=\u00bb{}\u00bb][et_pb_column_inner saved_specialty_column_type=\u00bb1_2&#8243; _builder_version=\u00bb4.27.4&#8243; _module_preset=\u00bbdefault\u00bb global_colors_info=\u00bb{}\u00bb][et_pb_text module_class=\u00bblinea blanca\u00bb _builder_version=\u00bb4.27.4&#8243; _module_preset=\u00bbdefault\u00bb background_enable_color=\u00bboff\u00bb custom_margin=\u00bb||0px||false|false\u00bb custom_padding=\u00bb50px|50px|25px|50px|false|true\u00bb animation_direction=\u00bbright\u00bb locked=\u00bboff\u00bb global_colors_info=\u00bb{}\u00bb]<\/p>\n<h1>Ingenier\u00eda de Integridad de Planta y Optimizaci\u00f3n<\/h1>\n<p>[\/et_pb_text][\/et_pb_column_inner][\/et_pb_row_inner][et_pb_row_inner _builder_version=\u00bb4.27.4&#8243; _module_preset=\u00bbdefault\u00bb global_colors_info=\u00bb{}\u00bb][et_pb_column_inner saved_specialty_column_type=\u00bb1_2&#8243; _builder_version=\u00bb4.27.4&#8243; _module_preset=\u00bbdefault\u00bb global_colors_info=\u00bb{}\u00bb][et_pb_text _builder_version=\u00bb4.27.4&#8243; _module_preset=\u00bbdefault\u00bb header_2_font_size=\u00bb19px\u00bb header_2_line_height=\u00bb1.2em\u00bb custom_padding=\u00bb50px|50px|50px|50px|true|true\u00bb animation_style=\u00bbslide\u00bb animation_direction=\u00bbbottom\u00bb animation_intensity_slide=\u00bb20%\u00bb global_colors_info=\u00bb{}\u00bb background_color=\u00bb#FFFFFF\u00bb hover_enabled=\u00bb0&#8243; sticky_enabled=\u00bb0&#8243;]<\/p>\n<h2><strong>La ingenier\u00eda de integridad de planta se centra en garantizar que cada instalaci\u00f3n industrial funcione bajo las mejores condiciones de seguridad y eficiencia.<\/strong><\/h2>\n<p>[\/et_pb_text][\/et_pb_column_inner][\/et_pb_row_inner][et_pb_row_inner module_class=\u00bbfilaImagen\u00bb _builder_version=\u00bb4.27.4&#8243; _module_preset=\u00bbdefault\u00bb custom_padding=\u00bb0px||0px||true|false\u00bb animation_style=\u00bbslide\u00bb animation_direction=\u00bbbottom\u00bb animation_intensity_slide=\u00bb20%\u00bb locked=\u00bboff\u00bb global_colors_info=\u00bb{}\u00bb][et_pb_column_inner saved_specialty_column_type=\u00bb1_2&#8243; _builder_version=\u00bb4.27.4&#8243; _module_preset=\u00bbdefault\u00bb background_image=\u00bbhttps:\/\/santacruz-energy.com\/wp-content\/uploads\/2025\/12\/P1014335-scaled.jpg\u00bb parallax=\u00bbon\u00bb global_colors_info=\u00bb{}\u00bb][\/et_pb_column_inner][\/et_pb_row_inner][\/et_pb_column][\/et_pb_section][et_pb_section fb_built=\u00bb1&#8243; custom_padding_last_edited=\u00bbon|phone\u00bb disabled_on=\u00bboff|off|on\u00bb admin_label=\u00bbIngenier\u00eda de Integridad de Planta y Optimizaci\u00f3n M\u00d3VIL\u00bb module_id=\u00bbIngenieriaIntegridadPlantaOptimizacion\u00bb _builder_version=\u00bb4.27.4&#8243; _module_preset=\u00bbdefault\u00bb custom_padding_tablet=\u00bb\u00bb custom_padding_phone=\u00bb0px||0px||true|false\u00bb locked=\u00bboff\u00bb collapsed=\u00bbon\u00bb global_colors_info=\u00bb{}\u00bb][et_pb_row use_custom_gutter=\u00bbon\u00bb gutter_width=\u00bb1&#8243; disabled_on=\u00bboff|off|off\u00bb _builder_version=\u00bb4.27.4&#8243; _module_preset=\u00bbdefault\u00bb width_tablet=\u00bb\u00bb width_phone=\u00bb100%\u00bb width_last_edited=\u00bbon|phone\u00bb custom_padding=\u00bb0px||0px||true|false\u00bb global_colors_info=\u00bb{}\u00bb][et_pb_column type=\u00bb4_4&#8243; _builder_version=\u00bb4.27.4&#8243; _module_preset=\u00bbdefault\u00bb global_colors_info=\u00bb{}\u00bb][et_pb_text module_class=\u00bblinea blanca\u00bb _builder_version=\u00bb4.27.4&#8243; _module_preset=\u00bbdefault\u00bb background_color=\u00bb#98bb3f\u00bb custom_margin=\u00bb||0px||false|false\u00bb custom_padding=\u00bb50px|50px|25px|50px|false|true\u00bb locked=\u00bboff\u00bb global_colors_info=\u00bb{}\u00bb]<\/p>\n<h2>Ingenier\u00eda de Integridad de Planta y Optimizaci\u00f3n<\/h2>\n<p>[\/et_pb_text][et_pb_text _builder_version=\u00bb4.27.4&#8243; _module_preset=\u00bbdefault\u00bb background_color=\u00bb#98bb3f\u00bb custom_padding=\u00bb50px|50px|50px|50px|true|true\u00bb global_colors_info=\u00bb{}\u00bb]<\/p>\n<p><strong>La ingenier\u00eda de integridad de planta se centra en garantizar que cada instalaci\u00f3n industrial funcione bajo las mejores condiciones de seguridad y eficiencia.<\/strong><\/p>\n<p>[\/et_pb_text][et_pb_image src=\u00bbhttps:\/\/santacruz-energy.com\/wp-content\/uploads\/2025\/12\/P1014335-scaled.jpg\u00bb alt=\u00bbTanque\u00bb title_text=\u00bbP1014335&#8243; align=\u00bbcenter\u00bb force_fullwidth=\u00bbon\u00bb _builder_version=\u00bb4.27.4&#8243; _module_preset=\u00bbdefault\u00bb locked=\u00bboff\u00bb global_colors_info=\u00bb{}\u00bb][\/et_pb_image][et_pb_accordion icon_color=\u00bb#3c4912&#8243; _builder_version=\u00bb4.27.4&#8243; _module_preset=\u00bbdefault\u00bb toggle_text_color=\u00bb#3c4912&#8243; toggle_level=\u00bbh3&#8243; toggle_line_height=\u00bb1.2em\u00bb global_colors_info=\u00bb{}\u00bb][et_pb_accordion_item title=\u00bb\u00c1reas de actuaci\u00f3n\u00bb open=\u00bbon\u00bb _builder_version=\u00bb4.27.4&#8243; _module_preset=\u00bbdefault\u00bb custom_margin=\u00bb||0px||false|false\u00bb custom_padding=\u00bb50px|50px|50px|50px|true|true\u00bb global_colors_info=\u00bb{}\u00bb]<\/p>\n<ul>\n<li>Planes de inspecci\u00f3n personalizados: dise\u00f1ados seg\u00fan normativa ASME, API y europea.<\/li>\n<li>Optimizaci\u00f3n del rendimiento: an\u00e1lisis del ciclo agua-vapor, intercambiadores de calor y sistemas cr\u00edticos.<\/li>\n<li>Evaluaci\u00f3n de corrosi\u00f3n y fatiga: determinaci\u00f3n del estado real de componentes sometidos a altas temperaturas o ambientes agresivos.<\/li>\n<li>C\u00e1lculo de vida remanente: asegurando que cada pieza alcance su m\u00e1ximo potencial.<\/li>\n<li>Apoyo en campo durante las paradas programadas e indisponibilidades, realizando evaluaci\u00f3n visual de da\u00f1os y preparaci\u00f3n in situ de procedimientos de reparaci\u00f3n e inspecci\u00f3n.<\/li>\n<\/ul>\n<p>[\/et_pb_accordion_item][et_pb_accordion_item title=\u00bbValor a\u00f1adido\u00bb _builder_version=\u00bb4.27.4&#8243; _module_preset=\u00bbdefault\u00bb custom_padding=\u00bb50px|50px|50px|50px|true|true\u00bb global_colors_info=\u00bb{}\u00bb open=\u00bboff\u00bb]<\/p>\n<p>Con este servicio, los clientes logran:<\/p>\n<ul>\n<li>Prolongar la vida \u00fatil de sus equipos.<\/li>\n<li>Disminuir riesgos de fallo catastr\u00f3fico.<\/li>\n<li>Incrementar la rentabilidad de la instalaci\u00f3n.<\/li>\n<\/ul>\n<p>[\/et_pb_accordion_item][\/et_pb_accordion][\/et_pb_column][\/et_pb_row][\/et_pb_section]<\/p>\n","protected":false},"excerpt":{"rendered":"<p>Planes de inspecci\u00f3n personalizados: dise\u00f1ados seg\u00fan normativa ASME, API y europea. Optimizaci\u00f3n del rendimiento: an\u00e1lisis del ciclo agua-vapor, intercambiadores de calor y sistemas cr\u00edticos. Evaluaci\u00f3n de corrosi\u00f3n y fatiga: determinaci\u00f3n del estado real de componentes sometidos a altas temperaturas o ambientes agresivos. C\u00e1lculo de vida remanente: asegurando que cada pieza alcance su m\u00e1ximo potencial. Apoyo [&hellip;]<\/p>\n","protected":false},"author":1,"featured_media":0,"parent":0,"menu_order":0,"comment_status":"closed","ping_status":"closed","template":"","meta":{"_et_pb_use_builder":"on","_et_pb_old_content":"","_et_gb_content_width":"","footnotes":""},"class_list":["post-649","page","type-page","status-publish","hentry"],"yoast_head":"<!-- This site is optimized with the Yoast SEO plugin v27.1.1 - https:\/\/yoast.com\/product\/yoast-seo-wordpress\/ -->\n<title>Ingenier\u00eda de Integridad de Planta y Optimizaci\u00f3n - SantaCruz Energy | Ingenier\u00eda de Integridad y Consultor\u00eda T\u00e9cnica Industrial<\/title>\n<meta name=\"robots\" content=\"index, follow, max-snippet:-1, max-image-preview:large, max-video-preview:-1\" \/>\n<link rel=\"canonical\" href=\"https:\/\/santacruz-energy.com\/en\/ingenieria-de-integridad-de-planta-y-optimizacion\/\" \/>\n<meta property=\"og:locale\" content=\"en_GB\" \/>\n<meta property=\"og:type\" content=\"article\" \/>\n<meta property=\"og:title\" content=\"Ingenier\u00eda de Integridad de Planta y Optimizaci\u00f3n - SantaCruz Energy | Ingenier\u00eda de Integridad y Consultor\u00eda T\u00e9cnica Industrial\" \/>\n<meta property=\"og:description\" content=\"Planes de inspecci\u00f3n personalizados: dise\u00f1ados seg\u00fan normativa ASME, API y europea. Optimizaci\u00f3n del rendimiento: an\u00e1lisis del ciclo agua-vapor, intercambiadores de calor y sistemas cr\u00edticos. Evaluaci\u00f3n de corrosi\u00f3n y fatiga: determinaci\u00f3n del estado real de componentes sometidos a altas temperaturas o ambientes agresivos. C\u00e1lculo de vida remanente: asegurando que cada pieza alcance su m\u00e1ximo potencial. Apoyo [&hellip;]\" \/>\n<meta property=\"og:url\" content=\"https:\/\/santacruz-energy.com\/en\/ingenieria-de-integridad-de-planta-y-optimizacion\/\" \/>\n<meta property=\"og:site_name\" content=\"SantaCruz Energy | Ingenier\u00eda de Integridad y Consultor\u00eda T\u00e9cnica Industrial\" \/>\n<meta property=\"article:modified_time\" content=\"2026-03-10T10:59:34+00:00\" \/>\n<meta name=\"twitter:card\" content=\"summary_large_image\" \/>\n<script type=\"application\/ld+json\" class=\"yoast-schema-graph\">{\"@context\":\"https:\/\/schema.org\",\"@graph\":[{\"@type\":\"WebPage\",\"@id\":\"https:\/\/santacruz-energy.com\/ingenieria-de-integridad-de-planta-y-optimizacion\/\",\"url\":\"https:\/\/santacruz-energy.com\/ingenieria-de-integridad-de-planta-y-optimizacion\/\",\"name\":\"Ingenier\u00eda de Integridad de Planta y Optimizaci\u00f3n - SantaCruz Energy | Ingenier\u00eda de Integridad y Consultor\u00eda T\u00e9cnica Industrial\",\"isPartOf\":{\"@id\":\"https:\/\/santacruz-energy.com\/#website\"},\"datePublished\":\"2025-12-18T14:07:11+00:00\",\"dateModified\":\"2026-03-10T10:59:34+00:00\",\"breadcrumb\":{\"@id\":\"https:\/\/santacruz-energy.com\/ingenieria-de-integridad-de-planta-y-optimizacion\/#breadcrumb\"},\"inLanguage\":\"en-GB\",\"potentialAction\":[{\"@type\":\"ReadAction\",\"target\":[\"https:\/\/santacruz-energy.com\/ingenieria-de-integridad-de-planta-y-optimizacion\/\"]}]},{\"@type\":\"BreadcrumbList\",\"@id\":\"https:\/\/santacruz-energy.com\/ingenieria-de-integridad-de-planta-y-optimizacion\/#breadcrumb\",\"itemListElement\":[{\"@type\":\"ListItem\",\"position\":1,\"name\":\"Portada\",\"item\":\"https:\/\/santacruz-energy.com\/\"},{\"@type\":\"ListItem\",\"position\":2,\"name\":\"Ingenier\u00eda de Integridad de Planta y Optimizaci\u00f3n\"}]},{\"@type\":\"WebSite\",\"@id\":\"https:\/\/santacruz-energy.com\/#website\",\"url\":\"https:\/\/santacruz-energy.com\/\",\"name\":\"SantaCruz Energy | Ingenier\u00eda de Integridad y Consultor\u00eda T\u00e9cnica Industrial\",\"description\":\"SantaCruz Energy ofrece soluciones en ingenier\u00eda de integridad, an\u00e1lisis de fallos e inspecciones industriales, con m\u00e1s de 25 a\u00f1os de experiencia en proyectos internacionales en EEUU, Latinoam\u00e9rica, Oriente Medio y otros mercados energ\u00e9ticos.\",\"potentialAction\":[{\"@type\":\"SearchAction\",\"target\":{\"@type\":\"EntryPoint\",\"urlTemplate\":\"https:\/\/santacruz-energy.com\/?s={search_term_string}\"},\"query-input\":{\"@type\":\"PropertyValueSpecification\",\"valueRequired\":true,\"valueName\":\"search_term_string\"}}],\"inLanguage\":\"en-GB\"}]}<\/script>\n<!-- \/ Yoast SEO plugin. -->","yoast_head_json":{"title":"Ingenier\u00eda de Integridad de Planta y Optimizaci\u00f3n - SantaCruz Energy | Ingenier\u00eda de Integridad y Consultor\u00eda T\u00e9cnica Industrial","robots":{"index":"index","follow":"follow","max-snippet":"max-snippet:-1","max-image-preview":"max-image-preview:large","max-video-preview":"max-video-preview:-1"},"canonical":"https:\/\/santacruz-energy.com\/en\/ingenieria-de-integridad-de-planta-y-optimizacion\/","og_locale":"en_GB","og_type":"article","og_title":"Ingenier\u00eda de Integridad de Planta y Optimizaci\u00f3n - SantaCruz Energy | Ingenier\u00eda de Integridad y Consultor\u00eda T\u00e9cnica Industrial","og_description":"Planes de inspecci\u00f3n personalizados: dise\u00f1ados seg\u00fan normativa ASME, API y europea. Optimizaci\u00f3n del rendimiento: an\u00e1lisis del ciclo agua-vapor, intercambiadores de calor y sistemas cr\u00edticos. Evaluaci\u00f3n de corrosi\u00f3n y fatiga: determinaci\u00f3n del estado real de componentes sometidos a altas temperaturas o ambientes agresivos. C\u00e1lculo de vida remanente: asegurando que cada pieza alcance su m\u00e1ximo potencial. Apoyo [&hellip;]","og_url":"https:\/\/santacruz-energy.com\/en\/ingenieria-de-integridad-de-planta-y-optimizacion\/","og_site_name":"SantaCruz Energy | Ingenier\u00eda de Integridad y Consultor\u00eda T\u00e9cnica Industrial","article_modified_time":"2026-03-10T10:59:34+00:00","twitter_card":"summary_large_image","schema":{"@context":"https:\/\/schema.org","@graph":[{"@type":"WebPage","@id":"https:\/\/santacruz-energy.com\/ingenieria-de-integridad-de-planta-y-optimizacion\/","url":"https:\/\/santacruz-energy.com\/ingenieria-de-integridad-de-planta-y-optimizacion\/","name":"Ingenier\u00eda de Integridad de Planta y Optimizaci\u00f3n - SantaCruz Energy | Ingenier\u00eda de Integridad y Consultor\u00eda T\u00e9cnica Industrial","isPartOf":{"@id":"https:\/\/santacruz-energy.com\/#website"},"datePublished":"2025-12-18T14:07:11+00:00","dateModified":"2026-03-10T10:59:34+00:00","breadcrumb":{"@id":"https:\/\/santacruz-energy.com\/ingenieria-de-integridad-de-planta-y-optimizacion\/#breadcrumb"},"inLanguage":"en-GB","potentialAction":[{"@type":"ReadAction","target":["https:\/\/santacruz-energy.com\/ingenieria-de-integridad-de-planta-y-optimizacion\/"]}]},{"@type":"BreadcrumbList","@id":"https:\/\/santacruz-energy.com\/ingenieria-de-integridad-de-planta-y-optimizacion\/#breadcrumb","itemListElement":[{"@type":"ListItem","position":1,"name":"Portada","item":"https:\/\/santacruz-energy.com\/"},{"@type":"ListItem","position":2,"name":"Ingenier\u00eda de Integridad de Planta y Optimizaci\u00f3n"}]},{"@type":"WebSite","@id":"https:\/\/santacruz-energy.com\/#website","url":"https:\/\/santacruz-energy.com\/","name":"SantaCruz Energy | Ingenier\u00eda de Integridad y Consultor\u00eda T\u00e9cnica Industrial","description":"SantaCruz Energy ofrece soluciones en ingenier\u00eda de integridad, an\u00e1lisis de fallos e inspecciones industriales, con m\u00e1s de 25 a\u00f1os de experiencia en proyectos internacionales en EEUU, Latinoam\u00e9rica, Oriente Medio y otros mercados energ\u00e9ticos.","potentialAction":[{"@type":"SearchAction","target":{"@type":"EntryPoint","urlTemplate":"https:\/\/santacruz-energy.com\/?s={search_term_string}"},"query-input":{"@type":"PropertyValueSpecification","valueRequired":true,"valueName":"search_term_string"}}],"inLanguage":"en-GB"}]}},"_links":{"self":[{"href":"https:\/\/santacruz-energy.com\/en\/wp-json\/wp\/v2\/pages\/649","targetHints":{"allow":["GET"]}}],"collection":[{"href":"https:\/\/santacruz-energy.com\/en\/wp-json\/wp\/v2\/pages"}],"about":[{"href":"https:\/\/santacruz-energy.com\/en\/wp-json\/wp\/v2\/types\/page"}],"author":[{"embeddable":true,"href":"https:\/\/santacruz-energy.com\/en\/wp-json\/wp\/v2\/users\/1"}],"replies":[{"embeddable":true,"href":"https:\/\/santacruz-energy.com\/en\/wp-json\/wp\/v2\/comments?post=649"}],"version-history":[{"count":25,"href":"https:\/\/santacruz-energy.com\/en\/wp-json\/wp\/v2\/pages\/649\/revisions"}],"predecessor-version":[{"id":856,"href":"https:\/\/santacruz-energy.com\/en\/wp-json\/wp\/v2\/pages\/649\/revisions\/856"}],"wp:attachment":[{"href":"https:\/\/santacruz-energy.com\/en\/wp-json\/wp\/v2\/media?parent=649"}],"curies":[{"name":"wp","href":"https:\/\/api.w.org\/{rel}","templated":true}]}}