{"id":630,"date":"2025-12-18T14:44:04","date_gmt":"2025-12-18T13:44:04","guid":{"rendered":"https:\/\/santacruz-energy.com\/?page_id=630"},"modified":"2026-03-10T11:53:30","modified_gmt":"2026-03-10T10:53:30","slug":"analisis-de-fallos-industriales-rca","status":"publish","type":"page","link":"https:\/\/santacruz-energy.com\/en\/analisis-de-fallos-industriales-rca\/","title":{"rendered":"Industrial Failure Analysis (RCA)"},"content":{"rendered":"<p>[et_pb_section fb_built=\u00bb1&#8243; make_equal=\u00bbon\u00bb use_custom_gutter=\u00bbon\u00bb gutter_width=\u00bb1&#8243; specialty=\u00bbon\u00bb padding_top_1=\u00bb0px\u00bb padding_top_2=\u00bb0px\u00bb padding_bottom_1=\u00bb0px\u00bb padding_bottom_2=\u00bb0px\u00bb padding_top_bottom_link_1=\u00bbtrue\u00bb padding_top_bottom_link_2=\u00bbtrue\u00bb padding_left_right_link_1=\u00bbfalse\u00bb padding_left_right_link_2=\u00bbfalse\u00bb disabled_on=\u00bbon|on|off\u00bb admin_label=\u00bbAn\u00e1lisis de Fallos Industriales (RCA)\u00bb module_class=\u00bbbloqueServicios\u00bb _builder_version=\u00bb4.27.4&#8243; _module_preset=\u00bbdefault\u00bb locked=\u00bboff\u00bb collapsed=\u00bbon\u00bb global_colors_info=\u00bb{}\u00bb][et_pb_column type=\u00bb1_2&#8243; specialty_columns=\u00bb2&#8243; _builder_version=\u00bb4.16&#8243; custom_padding=\u00bb|||\u00bb global_colors_info=\u00bb{}\u00bb custom_padding__hover=\u00bb|||\u00bb][et_pb_row_inner _builder_version=\u00bb4.27.4&#8243; _module_preset=\u00bbdefault\u00bb global_colors_info=\u00bb{}\u00bb][et_pb_column_inner saved_specialty_column_type=\u00bb1_2&#8243; _builder_version=\u00bb4.27.4&#8243; _module_preset=\u00bbdefault\u00bb global_colors_info=\u00bb{}\u00bb][et_pb_text module_class=\u00bblinea verde\u00bb _builder_version=\u00bb4.27.4&#8243; _module_preset=\u00bbdefault\u00bb background_color=\u00bb#FFFFFF\u00bb custom_margin=\u00bb||0px||false|false\u00bb custom_padding=\u00bb50px|50px||50px|false|true\u00bb animation_style=\u00bbslide\u00bb animation_direction=\u00bbtop\u00bb animation_intensity_slide=\u00bb20%\u00bb locked=\u00bboff\u00bb global_colors_info=\u00bb{}\u00bb]<\/p>\n<h1>An\u00e1lisis de Fallos Industriales (RCA)<\/h1>\n<p>[\/et_pb_text][et_pb_text _builder_version=\u00bb4.27.4&#8243; _module_preset=\u00bbdefault\u00bb background_color=\u00bb#FFFFFF\u00bb custom_padding=\u00bb50px|50px|50px|50px|true|true\u00bb animation_style=\u00bbslide\u00bb animation_direction=\u00bbbottom\u00bb animation_intensity_slide=\u00bb20%\u00bb hover_enabled=\u00bb0&#8243; global_colors_info=\u00bb{}\u00bb header_2_font_size=\u00bb19px\u00bb header_2_line_height=\u00bb1.2em\u00bb sticky_enabled=\u00bb0&#8243;]<\/p>\n<h2><strong>Uno de los ejes principales de nuestra actividad es el an\u00e1lisis de fallos y la determinaci\u00f3n de causa ra\u00edz (RCA). Identificar por qu\u00e9 se produce un fallo es esencial para prevenir incidentes futuros y garantizar la continuidad de las operaciones.<\/strong><\/h2>\n<p>[\/et_pb_text][\/et_pb_column_inner][\/et_pb_row_inner][et_pb_row_inner module_class=\u00bbfilaImagen franjaVerde izq\u00bb _builder_version=\u00bb4.27.4&#8243; _module_preset=\u00bbdefault\u00bb background_enable_image=\u00bboff\u00bb custom_padding=\u00bb0px||0px||true|false\u00bb animation_style=\u00bbslide\u00bb animation_direction=\u00bbleft\u00bb animation_intensity_slide=\u00bb20%\u00bb background_last_edited=\u00bboff|desktop\u00bb background_enable_image_tablet=\u00bboff\u00bb global_colors_info=\u00bb{}\u00bb][et_pb_column_inner saved_specialty_column_type=\u00bb1_2&#8243; _builder_version=\u00bb4.27.4&#8243; _module_preset=\u00bbdefault\u00bb background_image=\u00bbhttps:\/\/santacruz-energy.com\/wp-content\/uploads\/2025\/12\/P4213329-recortada-scaled.jpg\u00bb parallax=\u00bbon\u00bb global_colors_info=\u00bb{}\u00bb][\/et_pb_column_inner][\/et_pb_row_inner][\/et_pb_column][et_pb_column type=\u00bb1_2&#8243; _builder_version=\u00bb4.16&#8243; custom_padding=\u00bb|||\u00bb global_colors_info=\u00bb{}\u00bb custom_padding__hover=\u00bb|||\u00bb][et_pb_accordion icon_color=\u00bb#3c4912&#8243; _builder_version=\u00bb4.27.4&#8243; _module_preset=\u00bbdefault\u00bb toggle_text_color=\u00bb#3c4912&#8243; toggle_level=\u00bbh3&#8243; toggle_line_height=\u00bb1.2em\u00bb animation_style=\u00bbslide\u00bb animation_direction=\u00bbright\u00bb animation_intensity_slide=\u00bb20%\u00bb global_colors_info=\u00bb{}\u00bb][et_pb_accordion_item title=\u00bb\u00bfQu\u00e9 incluye nuestro servicio de an\u00e1lisis de fallos?\u00bb open=\u00bbon\u00bb _builder_version=\u00bb4.27.4&#8243; _module_preset=\u00bbdefault\u00bb custom_margin=\u00bb||0px||false|false\u00bb custom_padding=\u00bb50px|50px|50px|50px|true|true\u00bb global_colors_info=\u00bb{}\u00bb]<\/p>\n<ul>\n<li>Determinaci\u00f3n de causa ra\u00edz: aplicaci\u00f3n de metodolog\u00edas reconocidas para detectar el origen exacto del problema.<\/li>\n<li>Evaluaci\u00f3n metalogr\u00e1fica: an\u00e1lisis de materiales y soldaduras mediante microscop\u00eda y t\u00e9cnicas avanzadas.<\/li>\n<li>Estudio de vida \u00fatil: valoraci\u00f3n de la vida remanente de turbinas de gas, turbinas de vapor, calderas HRSG y recipientes a presi\u00f3n.<\/li>\n<li>Planes de prevenci\u00f3n: implementaci\u00f3n de medidas correctivas y preventivas que reducen la probabilidad de repetici\u00f3n del fallo.<\/li>\n<\/ul>\n<p>[\/et_pb_accordion_item][et_pb_accordion_item title=\u00bbBeneficios para el cliente\u00bb _builder_version=\u00bb4.27.4&#8243; _module_preset=\u00bbdefault\u00bb custom_padding=\u00bb50px|50px|50px|50px|true|true\u00bb global_colors_info=\u00bb{}\u00bb open=\u00bboff\u00bb]<\/p>\n<ul>\n<li>Reducci\u00f3n de costes asociados a paradas imprevistas.<\/li>\n<li>Mayor fiabilidad en los equipos cr\u00edticos.<\/li>\n<li>Cumplimiento de est\u00e1ndares internacionales de seguridad.<\/li>\n<\/ul>\n<p>[\/et_pb_accordion_item][\/et_pb_accordion][\/et_pb_column][\/et_pb_section][et_pb_section fb_built=\u00bb1&#8243; custom_padding_last_edited=\u00bbon|phone\u00bb disabled_on=\u00bboff|off|on\u00bb admin_label=\u00bbAn\u00e1lisis de Fallos Industriales (RCA) M\u00d3VIL\u00bb module_id=\u00bbIngenieriaIntegridadPlantaOptimizacion\u00bb _builder_version=\u00bb4.27.4&#8243; _module_preset=\u00bbdefault\u00bb custom_padding_tablet=\u00bb\u00bb custom_padding_phone=\u00bb0px||0px||true|false\u00bb locked=\u00bboff\u00bb collapsed=\u00bbon\u00bb global_colors_info=\u00bb{}\u00bb][et_pb_row use_custom_gutter=\u00bbon\u00bb gutter_width=\u00bb1&#8243; disabled_on=\u00bboff|off|off\u00bb _builder_version=\u00bb4.27.4&#8243; _module_preset=\u00bbdefault\u00bb width_tablet=\u00bb\u00bb width_phone=\u00bb100%\u00bb width_last_edited=\u00bbon|phone\u00bb custom_padding=\u00bb0px||0px||true|false\u00bb global_colors_info=\u00bb{}\u00bb][et_pb_column type=\u00bb4_4&#8243; _builder_version=\u00bb4.27.4&#8243; _module_preset=\u00bbdefault\u00bb global_colors_info=\u00bb{}\u00bb][et_pb_text module_class=\u00bblinea blanca\u00bb _builder_version=\u00bb4.27.4&#8243; _module_preset=\u00bbdefault\u00bb background_color=\u00bb#98bb3f\u00bb custom_margin=\u00bb||0px||false|false\u00bb custom_padding=\u00bb50px|50px|25px|50px|false|true\u00bb locked=\u00bboff\u00bb global_colors_info=\u00bb{}\u00bb]<\/p>\n<h2>An\u00e1lisis de Fallos Industriales (RCA)<\/h2>\n<p>[\/et_pb_text][et_pb_text _builder_version=\u00bb4.27.4&#8243; _module_preset=\u00bbdefault\u00bb background_color=\u00bb#98bb3f\u00bb custom_padding=\u00bb50px|50px|50px|50px|true|true\u00bb global_colors_info=\u00bb{}\u00bb]<strong>Uno de los ejes principales de nuestra actividad es el an\u00e1lisis de fallos y la determinaci\u00f3n de causa ra\u00edz (RCA). Identificar por qu\u00e9 se produce un fallo es esencial para prevenir incidentes futuros y garantizar la continuidad de las operaciones.<\/strong>[\/et_pb_text][et_pb_image src=\u00bbhttps:\/\/santacruz-energy.com\/wp-content\/uploads\/2025\/12\/P4213329-recortada-scaled.jpg\u00bb alt=\u00bbTanque\u00bb title_text=\u00bbOLYMPUS DIGITAL CAMERA\u00bb align=\u00bbcenter\u00bb force_fullwidth=\u00bbon\u00bb _builder_version=\u00bb4.27.4&#8243; _module_preset=\u00bbdefault\u00bb locked=\u00bboff\u00bb global_colors_info=\u00bb{}\u00bb][\/et_pb_image][et_pb_accordion icon_color=\u00bb#3c4912&#8243; _builder_version=\u00bb4.27.4&#8243; _module_preset=\u00bbdefault\u00bb toggle_text_color=\u00bb#3c4912&#8243; toggle_level=\u00bbh3&#8243; toggle_line_height=\u00bb1.2em\u00bb animation_direction=\u00bbright\u00bb global_colors_info=\u00bb{}\u00bb][et_pb_accordion_item title=\u00bb\u00bfQu\u00e9 incluye nuestro servicio de an\u00e1lisis de fallos?\u00bb open=\u00bbon\u00bb _builder_version=\u00bb4.27.4&#8243; _module_preset=\u00bbdefault\u00bb custom_margin=\u00bb||0px||false|false\u00bb custom_padding=\u00bb50px|50px|50px|50px|true|true\u00bb global_colors_info=\u00bb{}\u00bb]<\/p>\n<ul>\n<li>Determinaci\u00f3n de causa ra\u00edz: aplicaci\u00f3n de metodolog\u00edas reconocidas para detectar el origen exacto del problema.<\/li>\n<li>Evaluaci\u00f3n metalogr\u00e1fica: an\u00e1lisis de materiales y soldaduras mediante microscop\u00eda y t\u00e9cnicas avanzadas.<\/li>\n<li>Estudio de vida \u00fatil: valoraci\u00f3n de la vida remanente de turbinas de gas, turbinas de vapor, calderas HRSG y recipientes a presi\u00f3n.<\/li>\n<li>Planes de prevenci\u00f3n: implementaci\u00f3n de medidas correctivas y preventivas que reducen la probabilidad de repetici\u00f3n del fallo.<\/li>\n<\/ul>\n<p>[\/et_pb_accordion_item][et_pb_accordion_item title=\u00bbBeneficios para el cliente\u00bb _builder_version=\u00bb4.27.4&#8243; _module_preset=\u00bbdefault\u00bb custom_padding=\u00bb50px|50px|50px|50px|true|true\u00bb global_colors_info=\u00bb{}\u00bb open=\u00bboff\u00bb]<\/p>\n<ul>\n<li>Reducci\u00f3n de costes asociados a paradas imprevistas.<\/li>\n<li>Mayor fiabilidad en los equipos cr\u00edticos.<\/li>\n<li>Cumplimiento de est\u00e1ndares internacionales de seguridad.<\/li>\n<\/ul>\n<p>[\/et_pb_accordion_item][\/et_pb_accordion][\/et_pb_column][\/et_pb_row][\/et_pb_section]<\/p>\n","protected":false},"excerpt":{"rendered":"<p>An\u00e1lisis de Fallos Industriales (RCA)Uno de los ejes principales de nuestra actividad es el an\u00e1lisis de fallos y la determinaci\u00f3n de causa ra\u00edz (RCA). Identificar por qu\u00e9 se produce un fallo es esencial para prevenir incidentes futuros y garantizar la continuidad de las operaciones. Determinaci\u00f3n de causa ra\u00edz: aplicaci\u00f3n de metodolog\u00edas reconocidas para detectar el [&hellip;]<\/p>\n","protected":false},"author":1,"featured_media":0,"parent":0,"menu_order":0,"comment_status":"closed","ping_status":"closed","template":"","meta":{"_et_pb_use_builder":"on","_et_pb_old_content":"","_et_gb_content_width":"","footnotes":""},"class_list":["post-630","page","type-page","status-publish","hentry"],"yoast_head":"<!-- This site is optimized with the Yoast SEO plugin v27.1.1 - https:\/\/yoast.com\/product\/yoast-seo-wordpress\/ -->\n<title>An\u00e1lisis de Fallos Industriales (RCA) - SantaCruz Energy | Ingenier\u00eda de Integridad y Consultor\u00eda T\u00e9cnica Industrial<\/title>\n<meta name=\"robots\" content=\"index, follow, max-snippet:-1, max-image-preview:large, max-video-preview:-1\" \/>\n<link rel=\"canonical\" href=\"https:\/\/santacruz-energy.com\/en\/analisis-de-fallos-industriales-rca\/\" \/>\n<meta property=\"og:locale\" content=\"en_GB\" \/>\n<meta property=\"og:type\" content=\"article\" \/>\n<meta property=\"og:title\" content=\"An\u00e1lisis de Fallos Industriales (RCA) - SantaCruz Energy | Ingenier\u00eda de Integridad y Consultor\u00eda T\u00e9cnica Industrial\" \/>\n<meta property=\"og:description\" content=\"An\u00e1lisis de Fallos Industriales (RCA)Uno de los ejes principales de nuestra actividad es el an\u00e1lisis de fallos y la determinaci\u00f3n de causa ra\u00edz (RCA). Identificar por qu\u00e9 se produce un fallo es esencial para prevenir incidentes futuros y garantizar la continuidad de las operaciones. Determinaci\u00f3n de causa ra\u00edz: aplicaci\u00f3n de metodolog\u00edas reconocidas para detectar el [&hellip;]\" \/>\n<meta property=\"og:url\" content=\"https:\/\/santacruz-energy.com\/en\/analisis-de-fallos-industriales-rca\/\" \/>\n<meta property=\"og:site_name\" content=\"SantaCruz Energy | Ingenier\u00eda de Integridad y Consultor\u00eda T\u00e9cnica Industrial\" \/>\n<meta property=\"article:modified_time\" content=\"2026-03-10T10:53:30+00:00\" \/>\n<meta name=\"twitter:card\" content=\"summary_large_image\" \/>\n<script type=\"application\/ld+json\" class=\"yoast-schema-graph\">{\"@context\":\"https:\/\/schema.org\",\"@graph\":[{\"@type\":\"WebPage\",\"@id\":\"https:\/\/santacruz-energy.com\/analisis-de-fallos-industriales-rca\/\",\"url\":\"https:\/\/santacruz-energy.com\/analisis-de-fallos-industriales-rca\/\",\"name\":\"An\u00e1lisis de Fallos Industriales (RCA) - SantaCruz Energy | Ingenier\u00eda de Integridad y Consultor\u00eda T\u00e9cnica Industrial\",\"isPartOf\":{\"@id\":\"https:\/\/santacruz-energy.com\/#website\"},\"datePublished\":\"2025-12-18T13:44:04+00:00\",\"dateModified\":\"2026-03-10T10:53:30+00:00\",\"breadcrumb\":{\"@id\":\"https:\/\/santacruz-energy.com\/analisis-de-fallos-industriales-rca\/#breadcrumb\"},\"inLanguage\":\"en-GB\",\"potentialAction\":[{\"@type\":\"ReadAction\",\"target\":[\"https:\/\/santacruz-energy.com\/analisis-de-fallos-industriales-rca\/\"]}]},{\"@type\":\"BreadcrumbList\",\"@id\":\"https:\/\/santacruz-energy.com\/analisis-de-fallos-industriales-rca\/#breadcrumb\",\"itemListElement\":[{\"@type\":\"ListItem\",\"position\":1,\"name\":\"Portada\",\"item\":\"https:\/\/santacruz-energy.com\/\"},{\"@type\":\"ListItem\",\"position\":2,\"name\":\"An\u00e1lisis de Fallos Industriales (RCA)\"}]},{\"@type\":\"WebSite\",\"@id\":\"https:\/\/santacruz-energy.com\/#website\",\"url\":\"https:\/\/santacruz-energy.com\/\",\"name\":\"SantaCruz Energy | Ingenier\u00eda de Integridad y Consultor\u00eda T\u00e9cnica Industrial\",\"description\":\"SantaCruz Energy ofrece soluciones en ingenier\u00eda de integridad, an\u00e1lisis de fallos e inspecciones industriales, con m\u00e1s de 25 a\u00f1os de experiencia en proyectos internacionales en EEUU, Latinoam\u00e9rica, Oriente Medio y otros mercados energ\u00e9ticos.\",\"potentialAction\":[{\"@type\":\"SearchAction\",\"target\":{\"@type\":\"EntryPoint\",\"urlTemplate\":\"https:\/\/santacruz-energy.com\/?s={search_term_string}\"},\"query-input\":{\"@type\":\"PropertyValueSpecification\",\"valueRequired\":true,\"valueName\":\"search_term_string\"}}],\"inLanguage\":\"en-GB\"}]}<\/script>\n<!-- \/ Yoast SEO plugin. -->","yoast_head_json":{"title":"An\u00e1lisis de Fallos Industriales (RCA) - SantaCruz Energy | Ingenier\u00eda de Integridad y Consultor\u00eda T\u00e9cnica Industrial","robots":{"index":"index","follow":"follow","max-snippet":"max-snippet:-1","max-image-preview":"max-image-preview:large","max-video-preview":"max-video-preview:-1"},"canonical":"https:\/\/santacruz-energy.com\/en\/analisis-de-fallos-industriales-rca\/","og_locale":"en_GB","og_type":"article","og_title":"An\u00e1lisis de Fallos Industriales (RCA) - SantaCruz Energy | Ingenier\u00eda de Integridad y Consultor\u00eda T\u00e9cnica Industrial","og_description":"An\u00e1lisis de Fallos Industriales (RCA)Uno de los ejes principales de nuestra actividad es el an\u00e1lisis de fallos y la determinaci\u00f3n de causa ra\u00edz (RCA). Identificar por qu\u00e9 se produce un fallo es esencial para prevenir incidentes futuros y garantizar la continuidad de las operaciones. Determinaci\u00f3n de causa ra\u00edz: aplicaci\u00f3n de metodolog\u00edas reconocidas para detectar el [&hellip;]","og_url":"https:\/\/santacruz-energy.com\/en\/analisis-de-fallos-industriales-rca\/","og_site_name":"SantaCruz Energy | Ingenier\u00eda de Integridad y Consultor\u00eda T\u00e9cnica Industrial","article_modified_time":"2026-03-10T10:53:30+00:00","twitter_card":"summary_large_image","schema":{"@context":"https:\/\/schema.org","@graph":[{"@type":"WebPage","@id":"https:\/\/santacruz-energy.com\/analisis-de-fallos-industriales-rca\/","url":"https:\/\/santacruz-energy.com\/analisis-de-fallos-industriales-rca\/","name":"An\u00e1lisis de Fallos Industriales (RCA) - SantaCruz Energy | Ingenier\u00eda de Integridad y Consultor\u00eda T\u00e9cnica Industrial","isPartOf":{"@id":"https:\/\/santacruz-energy.com\/#website"},"datePublished":"2025-12-18T13:44:04+00:00","dateModified":"2026-03-10T10:53:30+00:00","breadcrumb":{"@id":"https:\/\/santacruz-energy.com\/analisis-de-fallos-industriales-rca\/#breadcrumb"},"inLanguage":"en-GB","potentialAction":[{"@type":"ReadAction","target":["https:\/\/santacruz-energy.com\/analisis-de-fallos-industriales-rca\/"]}]},{"@type":"BreadcrumbList","@id":"https:\/\/santacruz-energy.com\/analisis-de-fallos-industriales-rca\/#breadcrumb","itemListElement":[{"@type":"ListItem","position":1,"name":"Portada","item":"https:\/\/santacruz-energy.com\/"},{"@type":"ListItem","position":2,"name":"An\u00e1lisis de Fallos Industriales (RCA)"}]},{"@type":"WebSite","@id":"https:\/\/santacruz-energy.com\/#website","url":"https:\/\/santacruz-energy.com\/","name":"SantaCruz Energy | Ingenier\u00eda de Integridad y Consultor\u00eda T\u00e9cnica Industrial","description":"SantaCruz Energy ofrece soluciones en ingenier\u00eda de integridad, an\u00e1lisis de fallos e inspecciones industriales, con m\u00e1s de 25 a\u00f1os de experiencia en proyectos internacionales en EEUU, Latinoam\u00e9rica, Oriente Medio y otros mercados energ\u00e9ticos.","potentialAction":[{"@type":"SearchAction","target":{"@type":"EntryPoint","urlTemplate":"https:\/\/santacruz-energy.com\/?s={search_term_string}"},"query-input":{"@type":"PropertyValueSpecification","valueRequired":true,"valueName":"search_term_string"}}],"inLanguage":"en-GB"}]}},"_links":{"self":[{"href":"https:\/\/santacruz-energy.com\/en\/wp-json\/wp\/v2\/pages\/630","targetHints":{"allow":["GET"]}}],"collection":[{"href":"https:\/\/santacruz-energy.com\/en\/wp-json\/wp\/v2\/pages"}],"about":[{"href":"https:\/\/santacruz-energy.com\/en\/wp-json\/wp\/v2\/types\/page"}],"author":[{"embeddable":true,"href":"https:\/\/santacruz-energy.com\/en\/wp-json\/wp\/v2\/users\/1"}],"replies":[{"embeddable":true,"href":"https:\/\/santacruz-energy.com\/en\/wp-json\/wp\/v2\/comments?post=630"}],"version-history":[{"count":20,"href":"https:\/\/santacruz-energy.com\/en\/wp-json\/wp\/v2\/pages\/630\/revisions"}],"predecessor-version":[{"id":853,"href":"https:\/\/santacruz-energy.com\/en\/wp-json\/wp\/v2\/pages\/630\/revisions\/853"}],"wp:attachment":[{"href":"https:\/\/santacruz-energy.com\/en\/wp-json\/wp\/v2\/media?parent=630"}],"curies":[{"name":"wp","href":"https:\/\/api.w.org\/{rel}","templated":true}]}}