{"id":314,"date":"2025-11-13T13:20:21","date_gmt":"2025-11-13T12:20:21","guid":{"rendered":"https:\/\/santacruz-energy.com\/?page_id=314"},"modified":"2025-12-17T11:41:25","modified_gmt":"2025-12-17T10:41:25","slug":"experiencia","status":"publish","type":"page","link":"https:\/\/santacruz-energy.com\/en\/experiencia\/","title":{"rendered":"Experience"},"content":{"rendered":"<p>[et_pb_section fb_built=\u00bb1&#8243; custom_padding_last_edited=\u00bbon|tablet\u00bb _builder_version=\u00bb4.27.4&#8243; _module_preset=\u00bbdefault\u00bb custom_padding_tablet=\u00bb0px||0px||true|false\u00bb custom_padding_phone=\u00bb0px||0px||true|false\u00bb locked=\u00bboff\u00bb global_colors_info=\u00bb{}\u00bb][et_pb_row column_structure=\u00bb1_2,1_2&#8243; use_custom_gutter=\u00bbon\u00bb gutter_width=\u00bb1&#8243; disabled_on=\u00bbon|on|off\u00bb _builder_version=\u00bb4.27.4&#8243; _module_preset=\u00bbdefault\u00bb width=\u00bb100%\u00bb custom_padding=\u00bb0px||0px||true|false\u00bb locked=\u00bboff\u00bb global_colors_info=\u00bb{}\u00bb][et_pb_column type=\u00bb1_2&#8243; _builder_version=\u00bb4.27.4&#8243; _module_preset=\u00bbdefault\u00bb custom_css_free_form=\u00bbselector {||  z-index: 9;||}\u00bb global_colors_info=\u00bb{}\u00bb][et_pb_text _builder_version=\u00bb4.27.4&#8243; _module_preset=\u00bbdefault\u00bb background_color=\u00bb#dee9c1&#8243; custom_margin=\u00bb44px||0px||false|false\u00bb custom_padding=\u00bb80px|80px|80px|80px|true|true\u00bb hover_enabled=\u00bb0&#8243; global_colors_info=\u00bb{}\u00bb sticky_enabled=\u00bb0&#8243; animation_style=\u00bbslide\u00bb animation_direction=\u00bbleft\u00bb animation_intensity_slide=\u00bb20%\u00bb]<\/p>\n<p><strong>Con m\u00e1s de 25 a\u00f1os de experiencia en proyectos industriales y energ\u00e9ticos en Latinoam\u00e9rica, Oriente Medio, Europa y EEUU, SantaCruz Energy aporta un conocimiento s\u00f3lido en ingenier\u00eda de integridad, an\u00e1lisis de fallos e inspecci\u00f3n industrial. SantaCruz Energy ha trabajado con compa\u00f1\u00edas l\u00edderes del sector energ\u00e9tico y petroqu\u00edmico, participando en proyectos internacionales de referencia.<\/strong><\/p>\n<p>[\/et_pb_text][\/et_pb_column][et_pb_column type=\u00bb1_2&#8243; _builder_version=\u00bb4.27.4&#8243; _module_preset=\u00bbdefault\u00bb custom_css_free_form=\u00bbselector {||  z-index: 9;||}\u00bb global_colors_info=\u00bb{}\u00bb][et_pb_text module_class=\u00bblinea blanca\u00bb _builder_version=\u00bb4.27.4&#8243; _module_preset=\u00bbdefault\u00bb background_color=\u00bb#98bb3f\u00bb custom_margin=\u00bb||0px||false|false\u00bb custom_padding=\u00bb60px|50px|60px|50px|true|true\u00bb hover_enabled=\u00bb0&#8243; custom_css_free_form=\u00bbselector {||  position: relative;||}||selector:after {||\tright: 100%;||\ttop: 100px;||\tborder: solid transparent;||\tcontent: %22%22;||\theight: 0;||\twidth: 0;||\tposition: absolute;||\tpointer-events: none;||\tborder-color: rgba(152, 187, 63, 0);||\tborder-right-color: #98bb3f;||\tborder-width: 30px;||\tmargin-top: -30px;||}\u00bb global_colors_info=\u00bb{}\u00bb scroll_horizontal_motion=\u00bb62|83|83|100|-2|0|6&#8243; animation_style=\u00bbslide\u00bb animation_direction=\u00bbright\u00bb animation_intensity_slide=\u00bb20%\u00bb sticky_enabled=\u00bb0&#8243;]<\/p>\n<h1>Experiencia de SantaCruz Energy<\/h1>\n<p>[\/et_pb_text][et_pb_image src=\u00bbhttps:\/\/santacruz-energy.com\/wp-content\/uploads\/2025\/11\/calderera.jpg\u00bb alt=\u00bbCalderera\u00bb title_text=\u00bbcalderera\u00bb align=\u00bbcenter\u00bb force_fullwidth=\u00bbon\u00bb _builder_version=\u00bb4.27.4&#8243; _module_preset=\u00bbdefault\u00bb hover_enabled=\u00bb0&#8243; global_colors_info=\u00bb{}\u00bb animation_style=\u00bbslide\u00bb animation_direction=\u00bbbottom\u00bb animation_intensity_slide=\u00bb20%\u00bb sticky_enabled=\u00bb0&#8243;][\/et_pb_image][\/et_pb_column][\/et_pb_row][et_pb_row column_structure=\u00bb1_2,1_2&#8243; use_custom_gutter=\u00bbon\u00bb gutter_width=\u00bb1&#8243; disabled_on=\u00bboff|off|on\u00bb _builder_version=\u00bb4.27.4&#8243; _module_preset=\u00bbdefault\u00bb width=\u00bb100%\u00bb custom_padding=\u00bb0px||0px||true|false\u00bb locked=\u00bboff\u00bb global_colors_info=\u00bb{}\u00bb][et_pb_column type=\u00bb1_2&#8243; _builder_version=\u00bb4.27.4&#8243; _module_preset=\u00bbdefault\u00bb custom_css_free_form=\u00bbselector {||  z-index: 9;||}\u00bb global_colors_info=\u00bb{}\u00bb][et_pb_text module_class=\u00bblinea blanca\u00bb _builder_version=\u00bb4.27.4&#8243; _module_preset=\u00bbdefault\u00bb background_color=\u00bb#98bb3f\u00bb custom_margin=\u00bb||0px||false|false\u00bb custom_padding=\u00bb60px|50px|60px|50px|true|true\u00bb custom_css_free_form=\u00bbselector {||  position: relative;||}||selector:after {||\tright: 100%;||\ttop: 100px;||\tborder: solid transparent;||\tcontent: %22%22;||\theight: 0;||\twidth: 0;||\tposition: absolute;||\tpointer-events: none;||\tborder-color: rgba(152, 187, 63, 0);||\tborder-right-color: #98bb3f;||\tborder-width: 30px;||\tmargin-top: -30px;||}\u00bb global_colors_info=\u00bb{}\u00bb]<\/p>\n<h1>Experiencia de SantaCruz Energy<\/h1>\n<p>[\/et_pb_text][et_pb_text _builder_version=\u00bb4.27.4&#8243; _module_preset=\u00bbdefault\u00bb background_color=\u00bb#dee9c1&#8243; custom_margin=\u00bb||||false|false\u00bb custom_padding=\u00bb80px|80px|80px|80px|true|true\u00bb custom_padding_tablet=\u00bb80px|80px|80px|80px|true|true\u00bb custom_padding_phone=\u00bb50px|50px|50px|50px|true|true\u00bb custom_padding_last_edited=\u00bbon|phone\u00bb hover_enabled=\u00bb0&#8243; global_colors_info=\u00bb{}\u00bb sticky_enabled=\u00bb0&#8243;]<\/p>\n<p><strong>Con m\u00e1s de 25 a\u00f1os de experiencia en proyectos industriales y energ\u00e9ticos en Latinoam\u00e9rica, Oriente Medio, Europa y EEUU, SantaCruz Energy aporta un conocimiento s\u00f3lido en ingenier\u00eda de integridad, an\u00e1lisis de fallos e inspecci\u00f3n industrial. SantaCruz Energy ha trabajado con compa\u00f1\u00edas l\u00edderes del sector energ\u00e9tico y petroqu\u00edmico, participando en proyectos internacionales de referencia.<\/strong><\/p>\n<p>[\/et_pb_text][\/et_pb_column][et_pb_column type=\u00bb1_2&#8243; _builder_version=\u00bb4.27.4&#8243; _module_preset=\u00bbdefault\u00bb custom_css_free_form=\u00bbselector {||  z-index: 9;||}\u00bb global_colors_info=\u00bb{}\u00bb][et_pb_image src=\u00bbhttps:\/\/santacruz-energy.com\/wp-content\/uploads\/2025\/11\/calderera.jpg\u00bb alt=\u00bbCalderera\u00bb title_text=\u00bbcalderera\u00bb align=\u00bbcenter\u00bb force_fullwidth=\u00bbon\u00bb _builder_version=\u00bb4.27.4&#8243; _module_preset=\u00bbdefault\u00bb global_colors_info=\u00bb{}\u00bb][\/et_pb_image][\/et_pb_column][\/et_pb_row][\/et_pb_section][et_pb_section fb_built=\u00bb1&#8243; _builder_version=\u00bb4.27.4&#8243; _module_preset=\u00bbdefault\u00bb global_colors_info=\u00bb{}\u00bb][et_pb_row _builder_version=\u00bb4.27.4&#8243; _module_preset=\u00bbdefault\u00bb global_colors_info=\u00bb{}\u00bb][et_pb_column type=\u00bb4_4&#8243; _builder_version=\u00bb4.27.4&#8243; _module_preset=\u00bbdefault\u00bb global_colors_info=\u00bb{}\u00bb][wdcl_image_carousel nav_pagi=\u00bbnone\u00bb slide_count=\u00bb5&#8243; arrow_color=\u00bb#3c4912&#8243; arrow_bg=\u00bb#98bb3f\u00bb icon_left=\u00bb&#xf053;||fa||900&#8243; icon_right=\u00bb&#xf054;||fa||900&#8243; slide_count_tablet=\u00bb3&#8243; slide_count_phone=\u00bb1&#8243; slide_count_last_edited=\u00bbon|phone\u00bb _builder_version=\u00bb4.27.4&#8243; _module_preset=\u00bbdefault\u00bb locked=\u00bboff\u00bb global_colors_info=\u00bb{}\u00bb][wdcl_image_carousel_child admin_title=\u00bbTermochilca\u00bb photo=\u00bbhttps:\/\/santacruz-energy.com\/wp-content\/uploads\/2025\/11\/logo-Termochilca.jpg\u00bb _builder_version=\u00bb4.27.4&#8243; _module_preset=\u00bbdefault\u00bb global_colors_info=\u00bb{}\u00bb][\/wdcl_image_carousel_child][wdcl_image_carousel_child admin_title=\u00bbBiomasa de Cantabria\u00bb photo=\u00bbhttps:\/\/santacruz-energy.com\/wp-content\/uploads\/2025\/11\/logo-Biomasa-de-Cantabria.jpg\u00bb _builder_version=\u00bb4.27.4&#8243; _module_preset=\u00bbdefault\u00bb global_colors_info=\u00bb{}\u00bb][\/wdcl_image_carousel_child][wdcl_image_carousel_child admin_title=\u00bbEcoelectrica\u00bb photo=\u00bbhttps:\/\/santacruz-energy.com\/wp-content\/uploads\/2025\/11\/logo-EcoElectrica.jpg\u00bb _builder_version=\u00bb4.27.4&#8243; _module_preset=\u00bbdefault\u00bb global_colors_info=\u00bb{}\u00bb][\/wdcl_image_carousel_child][wdcl_image_carousel_child admin_title=\u00bbContourglobal\u00bb photo=\u00bbhttps:\/\/santacruz-energy.com\/wp-content\/uploads\/2025\/11\/logo-ContourGlobal.jpg\u00bb _builder_version=\u00bb4.27.4&#8243; _module_preset=\u00bbdefault\u00bb global_colors_info=\u00bb{}\u00bb][\/wdcl_image_carousel_child][wdcl_image_carousel_child admin_title=\u00bbEdp\u00bb photo=\u00bbhttps:\/\/santacruz-energy.com\/wp-content\/uploads\/2025\/11\/logo-EDP.jpg\u00bb _builder_version=\u00bb4.27.4&#8243; _module_preset=\u00bbdefault\u00bb global_colors_info=\u00bb{}\u00bb][\/wdcl_image_carousel_child][wdcl_image_carousel_child admin_title=\u00bbGPG\u00bb photo=\u00bbhttps:\/\/santacruz-energy.com\/wp-content\/uploads\/2025\/11\/logo-GPG.jpg\u00bb _builder_version=\u00bb4.27.4&#8243; _module_preset=\u00bbdefault\u00bb global_colors_info=\u00bb{}\u00bb][\/wdcl_image_carousel_child][wdcl_image_carousel_child admin_title=\u00bbGrupo M\u00e9xico\u00bb photo=\u00bbhttps:\/\/santacruz-energy.com\/wp-content\/uploads\/2025\/11\/logo-Grupo-Mexico-energia.jpg\u00bb _builder_version=\u00bb4.27.4&#8243; _module_preset=\u00bbdefault\u00bb global_colors_info=\u00bb{}\u00bb][\/wdcl_image_carousel_child][wdcl_image_carousel_child admin_title=\u00bbORYGEN\u00bb photo=\u00bbhttps:\/\/santacruz-energy.com\/wp-content\/uploads\/2025\/11\/logo-orygen.jpg\u00bb _builder_version=\u00bb4.27.4&#8243; _module_preset=\u00bbdefault\u00bb global_colors_info=\u00bb{}\u00bb][\/wdcl_image_carousel_child][wdcl_image_carousel_child admin_title=\u00bbNaturgy\u00bb photo=\u00bbhttps:\/\/santacruz-energy.com\/wp-content\/uploads\/2025\/11\/logo-Naturgy.jpg\u00bb _builder_version=\u00bb4.27.4&#8243; _module_preset=\u00bbdefault\u00bb global_colors_info=\u00bb{}\u00bb][\/wdcl_image_carousel_child][wdcl_image_carousel_child admin_title=\u00bbSaavi Energ\u00eda\u00bb photo=\u00bbhttps:\/\/santacruz-energy.com\/wp-content\/uploads\/2025\/11\/logo-Saavi-energia.jpg\u00bb _builder_version=\u00bb4.27.4&#8243; _module_preset=\u00bbdefault\u00bb global_colors_info=\u00bb{}\u00bb][\/wdcl_image_carousel_child][\/wdcl_image_carousel][\/et_pb_column][\/et_pb_row][\/et_pb_section]<\/p>\n","protected":false},"excerpt":{"rendered":"<p>Con m\u00e1s de 25 a\u00f1os de experiencia en proyectos industriales y energ\u00e9ticos en Latinoam\u00e9rica, Oriente Medio, Europa y EEUU, SantaCruz Energy aporta un conocimiento s\u00f3lido en ingenier\u00eda de integridad, an\u00e1lisis de fallos e inspecci\u00f3n industrial. SantaCruz Energy ha trabajado con compa\u00f1\u00edas l\u00edderes del sector energ\u00e9tico y petroqu\u00edmico, participando en proyectos internacionales de referencia.Experiencia de SantaCruz [&hellip;]<\/p>\n","protected":false},"author":1,"featured_media":0,"parent":0,"menu_order":0,"comment_status":"closed","ping_status":"closed","template":"","meta":{"_et_pb_use_builder":"on","_et_pb_old_content":"<!-- wp:divi\/placeholder \/-->","_et_gb_content_width":"","footnotes":""},"class_list":["post-314","page","type-page","status-publish","hentry"],"yoast_head":"<!-- This site is optimized with the Yoast SEO plugin v27.1.1 - https:\/\/yoast.com\/product\/yoast-seo-wordpress\/ -->\n<title>Experiencia en Ingenier\u00eda Industrial y An\u00e1lisis de Fallos | Emilio Fern\u00e1ndez Santa-Cruz<\/title>\n<meta name=\"description\" content=\"Conoce la trayectoria de Emilio Fern\u00e1ndez Santa-Cruz, especialista en ingenier\u00eda de integridad de planta, an\u00e1lisis de fallos (RCA), inspecciones t\u00e9cnicas y formaci\u00f3n en normativa industrial.\" \/>\n<meta name=\"robots\" content=\"index, follow, max-snippet:-1, max-image-preview:large, max-video-preview:-1\" \/>\n<link rel=\"canonical\" href=\"https:\/\/santacruz-energy.com\/en\/experiencia\/\" \/>\n<meta property=\"og:locale\" content=\"en_GB\" \/>\n<meta property=\"og:type\" content=\"article\" \/>\n<meta property=\"og:title\" content=\"Experiencia en Ingenier\u00eda Industrial y An\u00e1lisis de Fallos | Emilio Fern\u00e1ndez Santa-Cruz\" \/>\n<meta property=\"og:description\" content=\"Conoce la trayectoria de Emilio Fern\u00e1ndez Santa-Cruz, especialista en ingenier\u00eda de integridad de planta, an\u00e1lisis de fallos (RCA), inspecciones t\u00e9cnicas y formaci\u00f3n en normativa industrial.\" \/>\n<meta property=\"og:url\" content=\"https:\/\/santacruz-energy.com\/en\/experiencia\/\" \/>\n<meta property=\"og:site_name\" content=\"SantaCruz Energy | Ingenier\u00eda de Integridad y Consultor\u00eda T\u00e9cnica Industrial\" \/>\n<meta property=\"article:modified_time\" content=\"2025-12-17T10:41:25+00:00\" \/>\n<meta name=\"twitter:card\" content=\"summary_large_image\" \/>\n<script type=\"application\/ld+json\" class=\"yoast-schema-graph\">{\"@context\":\"https:\/\/schema.org\",\"@graph\":[{\"@type\":\"WebPage\",\"@id\":\"https:\/\/santacruz-energy.com\/experiencia\/\",\"url\":\"https:\/\/santacruz-energy.com\/experiencia\/\",\"name\":\"Experiencia en Ingenier\u00eda Industrial y An\u00e1lisis de Fallos | Emilio Fern\u00e1ndez Santa-Cruz\",\"isPartOf\":{\"@id\":\"https:\/\/santacruz-energy.com\/#website\"},\"datePublished\":\"2025-11-13T12:20:21+00:00\",\"dateModified\":\"2025-12-17T10:41:25+00:00\",\"description\":\"Conoce la trayectoria de Emilio Fern\u00e1ndez Santa-Cruz, especialista en ingenier\u00eda de integridad de planta, an\u00e1lisis de fallos (RCA), inspecciones t\u00e9cnicas y formaci\u00f3n en normativa industrial.\",\"breadcrumb\":{\"@id\":\"https:\/\/santacruz-energy.com\/experiencia\/#breadcrumb\"},\"inLanguage\":\"en-GB\",\"potentialAction\":[{\"@type\":\"ReadAction\",\"target\":[\"https:\/\/santacruz-energy.com\/experiencia\/\"]}]},{\"@type\":\"BreadcrumbList\",\"@id\":\"https:\/\/santacruz-energy.com\/experiencia\/#breadcrumb\",\"itemListElement\":[{\"@type\":\"ListItem\",\"position\":1,\"name\":\"Portada\",\"item\":\"https:\/\/santacruz-energy.com\/\"},{\"@type\":\"ListItem\",\"position\":2,\"name\":\"Experiencia\"}]},{\"@type\":\"WebSite\",\"@id\":\"https:\/\/santacruz-energy.com\/#website\",\"url\":\"https:\/\/santacruz-energy.com\/\",\"name\":\"SantaCruz Energy | Ingenier\u00eda de Integridad y Consultor\u00eda T\u00e9cnica Industrial\",\"description\":\"SantaCruz Energy ofrece soluciones en ingenier\u00eda de integridad, an\u00e1lisis de fallos e inspecciones industriales, con m\u00e1s de 25 a\u00f1os de experiencia en proyectos internacionales en EEUU, Latinoam\u00e9rica, Oriente Medio y otros mercados energ\u00e9ticos.\",\"potentialAction\":[{\"@type\":\"SearchAction\",\"target\":{\"@type\":\"EntryPoint\",\"urlTemplate\":\"https:\/\/santacruz-energy.com\/?s={search_term_string}\"},\"query-input\":{\"@type\":\"PropertyValueSpecification\",\"valueRequired\":true,\"valueName\":\"search_term_string\"}}],\"inLanguage\":\"en-GB\"}]}<\/script>\n<!-- \/ Yoast SEO plugin. -->","yoast_head_json":{"title":"Experiencia en Ingenier\u00eda Industrial y An\u00e1lisis de Fallos | Emilio Fern\u00e1ndez Santa-Cruz","description":"Conoce la trayectoria de Emilio Fern\u00e1ndez Santa-Cruz, especialista en ingenier\u00eda de integridad de planta, an\u00e1lisis de fallos (RCA), inspecciones t\u00e9cnicas y formaci\u00f3n en normativa industrial.","robots":{"index":"index","follow":"follow","max-snippet":"max-snippet:-1","max-image-preview":"max-image-preview:large","max-video-preview":"max-video-preview:-1"},"canonical":"https:\/\/santacruz-energy.com\/en\/experiencia\/","og_locale":"en_GB","og_type":"article","og_title":"Experiencia en Ingenier\u00eda Industrial y An\u00e1lisis de Fallos | Emilio Fern\u00e1ndez Santa-Cruz","og_description":"Conoce la trayectoria de Emilio Fern\u00e1ndez Santa-Cruz, especialista en ingenier\u00eda de integridad de planta, an\u00e1lisis de fallos (RCA), inspecciones t\u00e9cnicas y formaci\u00f3n en normativa industrial.","og_url":"https:\/\/santacruz-energy.com\/en\/experiencia\/","og_site_name":"SantaCruz Energy | Ingenier\u00eda de Integridad y Consultor\u00eda T\u00e9cnica Industrial","article_modified_time":"2025-12-17T10:41:25+00:00","twitter_card":"summary_large_image","schema":{"@context":"https:\/\/schema.org","@graph":[{"@type":"WebPage","@id":"https:\/\/santacruz-energy.com\/experiencia\/","url":"https:\/\/santacruz-energy.com\/experiencia\/","name":"Experiencia en Ingenier\u00eda Industrial y An\u00e1lisis de Fallos | Emilio Fern\u00e1ndez Santa-Cruz","isPartOf":{"@id":"https:\/\/santacruz-energy.com\/#website"},"datePublished":"2025-11-13T12:20:21+00:00","dateModified":"2025-12-17T10:41:25+00:00","description":"Conoce la trayectoria de Emilio Fern\u00e1ndez Santa-Cruz, especialista en ingenier\u00eda de integridad de planta, an\u00e1lisis de fallos (RCA), inspecciones t\u00e9cnicas y formaci\u00f3n en normativa industrial.","breadcrumb":{"@id":"https:\/\/santacruz-energy.com\/experiencia\/#breadcrumb"},"inLanguage":"en-GB","potentialAction":[{"@type":"ReadAction","target":["https:\/\/santacruz-energy.com\/experiencia\/"]}]},{"@type":"BreadcrumbList","@id":"https:\/\/santacruz-energy.com\/experiencia\/#breadcrumb","itemListElement":[{"@type":"ListItem","position":1,"name":"Portada","item":"https:\/\/santacruz-energy.com\/"},{"@type":"ListItem","position":2,"name":"Experiencia"}]},{"@type":"WebSite","@id":"https:\/\/santacruz-energy.com\/#website","url":"https:\/\/santacruz-energy.com\/","name":"SantaCruz Energy | Ingenier\u00eda de Integridad y Consultor\u00eda T\u00e9cnica Industrial","description":"SantaCruz Energy ofrece soluciones en ingenier\u00eda de integridad, an\u00e1lisis de fallos e inspecciones industriales, con m\u00e1s de 25 a\u00f1os de experiencia en proyectos internacionales en EEUU, Latinoam\u00e9rica, Oriente Medio y otros mercados energ\u00e9ticos.","potentialAction":[{"@type":"SearchAction","target":{"@type":"EntryPoint","urlTemplate":"https:\/\/santacruz-energy.com\/?s={search_term_string}"},"query-input":{"@type":"PropertyValueSpecification","valueRequired":true,"valueName":"search_term_string"}}],"inLanguage":"en-GB"}]}},"_links":{"self":[{"href":"https:\/\/santacruz-energy.com\/en\/wp-json\/wp\/v2\/pages\/314","targetHints":{"allow":["GET"]}}],"collection":[{"href":"https:\/\/santacruz-energy.com\/en\/wp-json\/wp\/v2\/pages"}],"about":[{"href":"https:\/\/santacruz-energy.com\/en\/wp-json\/wp\/v2\/types\/page"}],"author":[{"embeddable":true,"href":"https:\/\/santacruz-energy.com\/en\/wp-json\/wp\/v2\/users\/1"}],"replies":[{"embeddable":true,"href":"https:\/\/santacruz-energy.com\/en\/wp-json\/wp\/v2\/comments?post=314"}],"version-history":[{"count":13,"href":"https:\/\/santacruz-energy.com\/en\/wp-json\/wp\/v2\/pages\/314\/revisions"}],"predecessor-version":[{"id":580,"href":"https:\/\/santacruz-energy.com\/en\/wp-json\/wp\/v2\/pages\/314\/revisions\/580"}],"wp:attachment":[{"href":"https:\/\/santacruz-energy.com\/en\/wp-json\/wp\/v2\/media?parent=314"}],"curies":[{"name":"wp","href":"https:\/\/api.w.org\/{rel}","templated":true}]}}